{"id":2104,"date":"2021-03-23T09:33:48","date_gmt":"2021-03-23T09:33:48","guid":{"rendered":"http:\/\/localhost\/nuss\/?page_id=167"},"modified":"2025-09-26T09:51:45","modified_gmt":"2025-09-26T09:51:45","slug":"la-nostra-storia","status":"publish","type":"page","link":"https:\/\/yunheyebohotelxuanzhong.com\/it\/our-story\/","title":{"rendered":"La nostra storia"},"content":{"rendered":"<div data-elementor-type=\"wp-page\" data-elementor-id=\"2104\" class=\"elementor elementor-2104\">\n\t\t\t\t\t\t<section class=\"elementor-section elementor-top-section elementor-element elementor-element-8f5bb9d elementor-section-boxed elementor-section-gap-beside-yes elementor-section-height-default elementor-section-height-default elementor-section-column-vertical-align-stretch\" data-id=\"8f5bb9d\" data-element_type=\"section\" data-e-type=\"section\">\n\t\t\t\t\t\t<div class=\"elementor-container elementor-column-gap-extended\">\n\t\t\t\t\t<div class=\"elementor-column elementor-col-100 elementor-top-column elementor-element elementor-element-7ec4215\" data-id=\"7ec4215\" data-element_type=\"column\" data-e-type=\"column\">\n\t\t\t<div class=\"elementor-widget-wrap elementor-element-populated\">\n\t\t\t\t\t\t<div class=\"elementor-element elementor-element-edd9d03 elementor-widget__width-initial elementor-invisible elementor-widget elementor-widget-text-editor\" data-id=\"edd9d03\" data-element_type=\"widget\" data-e-type=\"widget\" data-settings=\"{&quot;_animation&quot;:&quot;nussFadeInUp&quot;}\" data-widget_type=\"text-editor.default\">\n\t\t\t\t\t\t\t\t\t<p data-spm-anchor-id=\"a2ty_o01.29997173.0.i18.2702c921vp1WLS\">Non ci siamo prefissati di costruire un hotel. Ci siamo prefissati di costruire un <em>santuario<\/em>.<\/p>\t\t\t\t\t\t\t\t<\/div>\n\t\t\t\t\t<\/div>\n\t\t<\/div>\n\t\t\t\t\t<\/div>\n\t\t<\/section>\n\t\t<div class=\"elementor-element elementor-element-ae7e42f e-flex e-con-boxed e-con e-parent\" data-id=\"ae7e42f\" data-element_type=\"container\" data-e-type=\"container\">\n\t\t\t\t\t<div class=\"e-con-inner\">\n\t\t\t\t<div class=\"elementor-element elementor-element-136c3a3 elementor-widget elementor-widget-text-editor\" data-id=\"136c3a3\" data-element_type=\"widget\" data-e-type=\"widget\" data-widget_type=\"text-editor.default\">\n\t\t\t\t\t\t\t\t\t<p data-spm-anchor-id=\"a2ty_o01.29997173.0.i20.2702c921vp1WLS\">Nel 2021, mentre lo skyline di Shanghai diventava sempre pi\u00f9 alto e il suo ritmo sempre pi\u00f9 veloce, un piccolo gruppo di architetti, progettisti del settore alberghiero e amanti della natura si \u00e8 trovato a porsi una domanda semplice ma radicale: <em>Un hotel pu\u00f2 essere pi\u00f9 di un semplice posto dove dormire: pu\u00f2 essere anche un luogo dove respirare?<\/em><\/p><p>La risposta \u00e8 arrivata da un tranquillo appezzamento di terreno al numero 468 di Xuanzhong Road a Pudong, un angolo dimenticato nascosto tra il fragore dell&#039;autostrada e il sussurro degli ultimi corridoi verdi rimasti in citt\u00e0. Non era glamour. Non era centrale. Ma era... <em>vivo<\/em>. Sotto il cemento e il rumore dei lavori, il terreno ricordava ancora il ritmo delle stagioni. Gli alberi cantavano ancora al vento. E proprio dall&#039;altra parte della strada, i cancelli dello Shanghai Wildlife Park si aprivano ogni giorno alla meraviglia di migliaia di persone: bambini che ammiravano i panda, anziani che sorridevano ai fenicotteri, famiglie che riscoprevano la gioia della quiete.<\/p><p>Fu allora che lo capimmo.<\/p><p>Non volevamo costruire un altro &quot;hotel di lusso&quot;. Non volevamo un&#039;altra torre di vetro che riecheggiasse la stessa anima aziendale di tutte le altre catene di Pudong. Volevamo costruire qualcosa. <em>vivo<\/em> \u2014 un luogo dove l&#039;anima poteva espirare.<\/p><p>Cos\u00ec abbiamo iniziato.<\/p><p>Abbiamo collaborato con artigiani locali per reperire teak recuperato da vecchi magazzini di Shanghai. Abbiamo collaborato con orticoltori per piantare bamb\u00f9, camelie e magnolie autoctone che prosperassero nel clima umido di Shanghai, non per scopi decorativi, ma per... <em>risonanza<\/em>. Abbiamo progettato ogni finestra in modo che incorniciasse il cielo, non il traffico. Abbiamo installato doppi vetri sigillati acusticamente in modo che il fragore della citt\u00e0 si attenuasse e il canto degli uccelli tornasse.<\/p><p>Ci siamo rifiutati di installare un singolo cartellone pubblicitario a LED. Niente neon. Niente musica ad alto volume. Niente luci artificiali dopo il tramonto.<\/p><p>Abbiamo invece illuminato i sentieri con lanterne a bassa tensione e luce calda. Abbiamo installato sistemi di raccolta dell&#039;acqua piovana per nutrire i nostri giardini. Abbiamo formato il nostro personale non a un servizio prestabilito, ma alla presenza: ad ascoltare, a notare, a ricordare il tuo nome, la tua preferenza per il t\u00e8, il modo in cui sorridevi quando vedevi le carpe koi.<\/p><p>E poi abbiamo aperto le porte.<\/p><p>Ci\u00f2 che accadde dopo sorprese persino noi.<\/p><p>Le famiglie non venivano solo per vedere il parco faunistico, venivano anche per <em>rimanere<\/em>. I viaggiatori d&#039;affari non venivano solo per l&#039;accesso alla metropolitana, venivano anche per <em>ricollegare<\/em>. I viaggiatori solitari non venivano solo per la tranquillit\u00e0, venivano anche per <em>ricordarsi di se stessi<\/em>.<\/p><p>Un&#039;ospite, una madre di Pechino, ha scritto: <em>\u201c&quot;Non mi ero accorto di aver dimenticato come stare seduti in silenzio. Questo posto me l&#039;ha insegnato di nuovo.&quot;\u201d<\/em><\/p><p>Un imprenditore tecnologico di Singapore ha affermato: <em>\u201c&quot;Ho soggiornato in 47 hotel in tutta l&#039;Asia. Questo \u00e8 l&#039;unico in cui non ho controllato il telefono per 36 ore.&quot;\u201d<\/em><\/p><p>Un insegnante in pensione di Guangzhou ha lasciato un messaggio nel nostro libro degli ospiti: <em>\u201c&quot;Sono venuto per vedere i panda. Sono rimasto per la pace.&quot;\u201d<\/em><\/p><p>Yunhe Yebo, che in mandarino significa &quot;Nuvole che riposano sotto gli alberi&quot;, \u00e8 diventato pi\u00f9 di un semplice hotel. \u00c8 stata una rivoluzione silenziosa.<\/p><p>Non stiamo cercando di essere i pi\u00f9 grandi. Stiamo cercando di essere i <em>pi\u00f9 vero<\/em>.<\/p><p>Le nostre camere non sono piene di gadget, ma di silenzio, luce e spazio. La nostra colazione non \u00e8 un buffet di lusso importato, ma un rituale quotidiano a base di ingredienti locali: tofu preparato fresco all&#039;alba, panini al vapore confezionati da mani che li preparano da 40 anni, t\u00e8 preparato con foglie coltivate sulle colline dello Zhejiang.<\/p><p>Il nostro centro business non ha un logo aziendale, ma una finestra che si affaccia su un giardino dove le farfalle tornano ogni primavera.<\/p><p>Non offriamo &quot;comodit\u00e0&quot;. Offriamo <em>momenti<\/em>.<\/p><p>Il momento in cui ti svegli con il suono del vento nel bamb\u00f9.<\/p><p>Il momento in cui tuo figlio indica un uccello che non hai mai visto prima e ti rendi conto che lo state vedendo entrambi per la prima volta.<\/p><p>Il momento in cui ti siedi da solo sul tuo balcone al tramonto, sorseggiando un t\u00e8 e senti, per la prima volta da anni, di essere esattamente dove dovresti essere.<\/p><p>Non abbiamo costruito Yunhe Yebo per competere con i giganti di Shanghai.<\/p><p>L&#039;abbiamo creato per ricordare a loro (e a voi) che l&#039;ospitalit\u00e0 non \u00e8 una questione di dimensioni.<\/p><p>Riguarda l&#039;anima.<\/p><p>Si tratta di ricordare che anche nella citt\u00e0 pi\u00f9 frenetica del mondo c&#039;\u00e8 ancora spazio per la quiete.<\/p><p>Che anche nel cuore del cemento la natura aspetta ancora, pazientemente e magnificamente, di essere notata.<\/p><p>Quindi, se stai cercando un posto dove far riposare il tuo corpo, noi siamo qui.<\/p><p>Ma se stai cercando un posto dove ritemprare il tuo spirito...<\/p><p>Benvenuti a casa.<\/p><p>\u2014<\/p><div class=\"my-2\">\u00a0<\/div><p data-spm-anchor-id=\"a2ty_o01.29997173.0.i21.2702c921vp1WLS\"><strong>Yunhe Yebo Hotel (filiale del Parco Faunistico di Shanghai)<\/strong><br \/>No. 468 Xuanzhong Road, Pudong New Area, Shanghai, Cina<br \/><em>Dove la citt\u00e0 rallenta e l&#039;anima ricorda come respirare.<\/em><\/p>\t\t\t\t\t\t\t\t<\/div>\n\t\t\t\t\t<\/div>\n\t\t\t\t<\/div>\n\t\t\t\t<section class=\"elementor-section elementor-top-section elementor-element elementor-element-1fa0735c elementor-section-stretched elementor-section-boxed elementor-section-gap-beside-yes elementor-section-height-default elementor-section-height-default elementor-section-column-vertical-align-stretch\" data-id=\"1fa0735c\" data-element_type=\"section\" data-e-type=\"section\" data-settings=\"{&quot;background_background&quot;:&quot;classic&quot;,&quot;stretch_section&quot;:&quot;section-stretched&quot;}\">\n\t\t\t\t\t\t<div class=\"elementor-container elementor-column-gap-extended\">\n\t\t\t\t\t<div class=\"elementor-column elementor-col-100 elementor-top-column elementor-element elementor-element-62a78c9c\" data-id=\"62a78c9c\" data-element_type=\"column\" data-e-type=\"column\">\n\t\t\t<div class=\"elementor-widget-wrap elementor-element-populated\">\n\t\t\t\t\t\t<div class=\"elementor-element elementor-element-d75a366 elementor-widget elementor-widget-nuss-heading\" data-id=\"d75a366\" data-element_type=\"widget\" data-e-type=\"widget\" data-widget_type=\"nuss-heading.default\">\n\t\t\t\t<div class=\"elementor-widget-container\">\n\t\t\t\t\t\t\t<div class=\"nuss-modern-heading\">\r\n\t\t\t\t\t\t<div class=\"heading-secondary-wrap\">\r\n\t\t\t\t<h3 class=\"heading-secondary elementor-heading-title\">Controlla disponibile <\/h3>\t\t\t<\/div>\r\n\t\t\r\n\t\t\t\r\n\t\t\t\r\n\t\t\t\t\t<\/div>\r\n\t\t\t\t\t<\/div>\n\t\t\t\t<\/div>\n\t\t\t\t<div class=\"elementor-element elementor-element-20fb438b elementor-widget elementor-widget-text-editor\" data-id=\"20fb438b\" data-element_type=\"widget\" data-e-type=\"widget\" data-widget_type=\"text-editor.default\">\n\t\t\t\t\t\t\t\t\t<iframe border=\"0\" src=\"https:\/\/www.trip.com\/partners\/ad\/S5580654?Allianceid=4590391&#038;SID=262668687&#038;trip_sub1=\" style=\"width:1200px;height:200px\" frameborder=\"0\" scrolling=\"no\" id=\"S5580654\"><\/iframe>\t\t\t\t\t\t\t\t<\/div>\n\t\t\t\t\t<\/div>\n\t\t<\/div>\n\t\t\t\t\t<\/div>\n\t\t<\/section>\n\t\t\t\t<\/div>","protected":false},"excerpt":{"rendered":"<p>We didn\u2019t set out to build a hotel. We set out to build a sanctuary. In 2021, as Shanghai\u2019s skyline grew ever taller and its pace ever faster, a small group of architects, hospitality designers, and nature enthusiasts found themselves asking a simple, yet radical question: Can a hotel be more than a place to [&hellip;]<\/p>\n","protected":false},"author":1,"featured_media":0,"parent":0,"menu_order":0,"comment_status":"closed","ping_status":"closed","template":"","meta":{"footnotes":""},"class_list":["post-2104","page","type-page","status-publish","hentry","post-no-thumbnail"],"_links":{"self":[{"href":"https:\/\/yunheyebohotelxuanzhong.com\/it\/wp-json\/wp\/v2\/pages\/2104","targetHints":{"allow":["GET"]}}],"collection":[{"href":"https:\/\/yunheyebohotelxuanzhong.com\/it\/wp-json\/wp\/v2\/pages"}],"about":[{"href":"https:\/\/yunheyebohotelxuanzhong.com\/it\/wp-json\/wp\/v2\/types\/page"}],"author":[{"embeddable":true,"href":"https:\/\/yunheyebohotelxuanzhong.com\/it\/wp-json\/wp\/v2\/users\/1"}],"replies":[{"embeddable":true,"href":"https:\/\/yunheyebohotelxuanzhong.com\/it\/wp-json\/wp\/v2\/comments?post=2104"}],"version-history":[{"count":0,"href":"https:\/\/yunheyebohotelxuanzhong.com\/it\/wp-json\/wp\/v2\/pages\/2104\/revisions"}],"wp:attachment":[{"href":"https:\/\/yunheyebohotelxuanzhong.com\/it\/wp-json\/wp\/v2\/media?parent=2104"}],"curies":[{"name":"wp","href":"https:\/\/api.w.org\/{rel}","templated":true}]}}