{"id":2105,"date":"2021-03-24T07:25:45","date_gmt":"2021-03-24T07:25:45","guid":{"rendered":"http:\/\/localhost\/nuss\/?page_id=235"},"modified":"2025-09-26T09:33:53","modified_gmt":"2025-09-26T09:33:53","slug":"faq","status":"publish","type":"page","link":"https:\/\/yunheyebohotelxuanzhong.com\/fr\/faqs\/","title":{"rendered":"FAQ"},"content":{"rendered":"<div data-elementor-type=\"wp-page\" data-elementor-id=\"2105\" class=\"elementor elementor-2105\">\n\t\t\t\t\t\t<section class=\"elementor-section elementor-top-section elementor-element elementor-element-2a96a73 elementor-section-boxed elementor-section-gap-beside-yes elementor-section-height-default elementor-section-height-default elementor-section-column-vertical-align-stretch\" data-id=\"2a96a73\" data-element_type=\"section\" data-e-type=\"section\">\n\t\t\t\t\t\t<div class=\"elementor-container elementor-column-gap-extended\">\n\t\t\t\t\t<div class=\"elementor-column elementor-col-100 elementor-top-column elementor-element elementor-element-98ef20c\" data-id=\"98ef20c\" data-element_type=\"column\" data-e-type=\"column\">\n\t\t\t<div class=\"elementor-widget-wrap elementor-element-populated\">\n\t\t\t\t\t\t<div class=\"elementor-element elementor-element-97088c0 elementor-widget__width-initial elementor-invisible elementor-widget elementor-widget-text-editor\" data-id=\"97088c0\" data-element_type=\"widget\" data-e-type=\"widget\" data-settings=\"{&quot;_animation&quot;:&quot;nussFadeInUp&quot;}\" data-widget_type=\"text-editor.default\">\n\t\t\t\t\t\t\t\t\t<p>Ci-dessous, vous trouverez une liste des questions les plus fr\u00e9quemment pos\u00e9es par nos clients.<\/p>\t\t\t\t\t\t\t\t<\/div>\n\t\t\t\t\t<\/div>\n\t\t<\/div>\n\t\t\t\t\t<\/div>\n\t\t<\/section>\n\t\t\t\t<section class=\"elementor-section elementor-top-section elementor-element elementor-element-b184647 elementor-section-gap-beside-no elementor-section-boxed elementor-section-height-default elementor-section-height-default elementor-section-column-vertical-align-stretch\" data-id=\"b184647\" data-element_type=\"section\" data-e-type=\"section\">\n\t\t\t\t\t\t<div class=\"elementor-container elementor-column-gap-extended\">\n\t\t\t\t\t<div class=\"elementor-column elementor-col-100 elementor-top-column elementor-element elementor-element-1d49749\" data-id=\"1d49749\" data-element_type=\"column\" data-e-type=\"column\">\n\t\t\t<div class=\"elementor-widget-wrap elementor-element-populated\">\n\t\t\t\t\t\t<div class=\"elementor-element elementor-element-b986a9e elementor-invisible elementor-widget elementor-widget-nuss-heading\" data-id=\"b986a9e\" data-element_type=\"widget\" data-e-type=\"widget\" data-settings=\"{&quot;_animation&quot;:&quot;nussFadeInUp&quot;}\" data-widget_type=\"nuss-heading.default\">\n\t\t\t\t<div class=\"elementor-widget-container\">\n\t\t\t\t\t\t\t<div class=\"nuss-modern-heading\">\r\n\t\t\t\r\n\t\t\t\t\t\t<div class=\"heading-primary-wrap\">\r\n\t\t\t\t<h4 class=\"heading-primary elementor-heading-title\">FAQ<\/h4>\t\t\t<\/div>\r\n\t\t\r\n\t\t\t\t\t\t<div class=\"heading-divider-wrap\">\r\n\t\t\t\t<div class=\"heading-divider\" style=\"left: 0px;top: 6px\"><\/div>\r\n\t\t\t<\/div>\r\n\t\r\n\t\t\t\t\t<\/div>\r\n\t\t\t\t\t<\/div>\n\t\t\t\t<\/div>\n\t\t\t\t<div class=\"elementor-element elementor-element-50f0733 elementor-invisible elementor-widget elementor-widget-heading\" data-id=\"50f0733\" data-element_type=\"widget\" data-e-type=\"widget\" data-settings=\"{&quot;_animation&quot;:&quot;nussFadeInUp&quot;}\" data-widget_type=\"heading.default\">\n\t\t\t\t\t<h2 class=\"elementor-heading-title elementor-size-default\">Questions et r\u00e9ponses<\/h2>\t\t\t\t<\/div>\n\t\t\t\t<div class=\"elementor-element elementor-element-2aee4a2 elementor-widget elementor-widget-text-editor\" data-id=\"2aee4a2\" data-element_type=\"widget\" data-e-type=\"widget\" data-widget_type=\"text-editor.default\">\n\t\t\t\t\t\t\t\t\t<h3><strong>1. O\u00f9 se trouve l&#039;h\u00f4tel Yunhe Yebo (branche du parc animalier de Shanghai) ?<\/strong><\/h3><p><strong>R\u00e9pondre:<\/strong> Situ\u00e9 \u00e0 <strong>N\u00b0 468 Xuanzhong Road, Pudong New Area, Shanghai, Chine<\/strong>Situ\u00e9 \u00e0 seulement 5 minutes \u00e0 pied de l&#039;entr\u00e9e principale du parc animalier de Shanghai, il est facilement accessible par la ligne de m\u00e9tro 16 (station Xuanzhong Road) et \u00e0 15 minutes en voiture de l&#039;a\u00e9roport international de Shanghai-Pudong (PVG).<\/p><div class=\"my-2\">\u00a0<\/div><div class=\"py-2 my-3\"><hr \/><\/div><div class=\"my-2\">\u00a0<\/div><h3><strong>2. \u00c0 quelle distance se trouve l&#039;h\u00f4tel du parc animalier de Shanghai ?<\/strong><\/h3><p><strong>R\u00e9pondre:<\/strong> Seulement <strong>5 minutes \u00e0 pied (environ 400 m\u00e8tres)<\/strong>L&#039;h\u00f4tel est directement adjacent \u00e0 l&#039;entr\u00e9e principale du parc, parfait pour les rencontres avec les animaux t\u00f4t le matin ou les promenades nocturnes.<\/p><div class=\"my-2\">\u00a0<\/div><div class=\"py-2 my-3\"><hr \/><\/div><div class=\"my-2\">\u00a0<\/div><h3><strong>3. L&#039;h\u00f4tel propose-t-il un parking gratuit ?<\/strong><\/h3><p><strong>R\u00e9pondre:<\/strong> Oui! <strong>Parking priv\u00e9 gratuit<\/strong> est disponible pour tous les clients \u2014 un \u00e9quipement rare et pr\u00e9cieux dans le centre de Shanghai.<\/p><div class=\"my-2\">\u00a0<\/div><div class=\"py-2 my-3\"><hr \/><\/div><div class=\"my-2\">\u00a0<\/div><h3><strong>4. Y a-t-il une connexion Wi-Fi gratuite dans les chambres et les espaces communs ?<\/strong><\/h3><p><strong>R\u00e9pondre:<\/strong> Absolument. <strong>Wi-Fi haut d\u00e9bit illimit\u00e9 (1 Gbit\/s+)<\/strong> est fourni gratuitement dans toutes les chambres, le salon d&#039;affaires, les salles de r\u00e9union et les espaces publics - id\u00e9al pour le streaming, les appels vid\u00e9o et le travail \u00e0 distance.<\/p><div class=\"my-2\">\u00a0<\/div><div class=\"py-2 my-3\"><hr \/><\/div><div class=\"my-2\">\u00a0<\/div><h3><strong>5. \u00c0 quelle heure sont l&#039;enregistrement et le d\u00e9part ?<\/strong><\/h3><p><strong>R\u00e9pondre:<\/strong> L&#039;enregistrement standard s&#039;effectue \u00e0 <strong>14h00 (14h00)<\/strong> et le d\u00e9part se fait \u00e0 <strong>12h00 (midi)<\/strong>Un enregistrement anticip\u00e9 ou un d\u00e9part tardif peuvent \u00eatre disponibles sur demande et sous r\u00e9serve de disponibilit\u00e9.<\/p><div class=\"my-2\">\u00a0<\/div><div class=\"py-2 my-3\"><hr \/><\/div><div class=\"my-2\">\u00a0<\/div><h3><strong>6. L&#039;h\u00f4tel Yunhe Yebo propose-t-il des transferts a\u00e9roport ?<\/strong><\/h3><p><strong>R\u00e9pondre:<\/strong> Oui. L&#039;h\u00f4tel propose <strong>services de navette a\u00e9roport priv\u00e9e<\/strong> Depuis et vers l&#039;a\u00e9roport international de Shanghai-Pudong (PVG) moyennant un suppl\u00e9ment. Les r\u00e9servations peuvent \u00eatre effectu\u00e9es \u00e0 l&#039;avance par t\u00e9l\u00e9phone ou par e-mail. Une navette gratuite vers la ligne de m\u00e9tro 16 est \u00e9galement disponible.<\/p><div class=\"my-2\">\u00a0<\/div><div class=\"py-2 my-3\"><hr \/><\/div><div class=\"my-2\">\u00a0<\/div><h3><strong>7. L&#039;h\u00f4tel est-il adapt\u00e9 aux familles\u00a0? Des lits b\u00e9b\u00e9 ou des lits d&#039;appoint sont-ils disponibles\u00a0?<\/strong><\/h3><p><strong>R\u00e9pondre:<\/strong> Oui ! L&#039;h\u00f4tel est tr\u00e8s bien not\u00e9 par les familles. <strong>Berceaux, chaises hautes et articles de toilette adapt\u00e9s aux enfants<\/strong> Des lits d&#039;appoint ou des lits d&#039;appoint peuvent \u00eatre install\u00e9s pour les enfants ou les personnes suppl\u00e9mentaires (selon le type de chambre et les disponibilit\u00e9s).<\/p><div class=\"my-2\">\u00a0<\/div><div class=\"py-2 my-3\"><hr \/><\/div><div class=\"my-2\">\u00a0<\/div><h3><strong>8. L&#039;h\u00f4tel dispose-t-il d&#039;un restaurant ou d&#039;un petit-d\u00e9jeuner inclus ?<\/strong><\/h3><p><strong>R\u00e9pondre:<\/strong> Oui. L&#039;h\u00f4tel dispose d&#039;un restaurant sur place servant une <strong>petit-d\u00e9jeuner buffet gastronomique gratuit<\/strong> Ouvert tous les jours de 6h30 \u00e0 10h30. Au menu\u00a0: sp\u00e9cialit\u00e9s shangha\u00efennes, raviolis frais, congee, plats occidentaux, yaourts bio et caf\u00e9 fra\u00eechement moulu.<\/p><div class=\"my-2\">\u00a0<\/div><div class=\"py-2 my-3\"><hr \/><\/div><div class=\"my-2\">\u00a0<\/div><h3><strong>9. Les animaux domestiques sont-ils autoris\u00e9s \u00e0 l&#039;h\u00f4tel ?<\/strong><\/h3><p><strong>R\u00e9pondre:<\/strong> Oui! Yunhe Yebo est <strong>acceptant les animaux de compagnie<\/strong>Les petits animaux de compagnie (moins de 10 kg) sont les bienvenus moyennant des frais de m\u00e9nage minimes et uniques. Veuillez en informer l&#039;h\u00f4tel \u00e0 l&#039;avance lors de la r\u00e9servation.<\/p><div class=\"my-2\">\u00a0<\/div><div class=\"py-2 my-3\"><hr \/><\/div><div class=\"my-2\">\u00a0<\/div><h3><strong>10. L&#039;h\u00f4tel dispose-t-il de salles de r\u00e9union ou d&#039;installations d&#039;affaires ?<\/strong><\/h3><p><strong>R\u00e9pondre:<\/strong> Oui. L&#039;h\u00f4tel propose <strong>trois salles de r\u00e9union insonoris\u00e9es et \u00e9quip\u00e9es de technologies<\/strong> (pour 4 \u00e0 30 personnes), un <strong>Salon d&#039;affaires ex\u00e9cutif ouvert 24h\/24 et 7j\/7<\/strong> avec impression, Wi-Fi haut d\u00e9bit et postes de travail ergonomiques, ainsi qu&#039;un espace d\u00e9di\u00e9 <strong>conciergerie d&#039;affaires<\/strong> pour les services de documents et les arrangements locaux.<\/p><div class=\"my-2\">\u00a0<\/div><div class=\"py-2 my-3\"><hr \/><\/div><div class=\"my-2\">\u00a0<\/div><h3><strong>11. Puis-je organiser un petit \u00e9v\u00e9nement d\u2019entreprise ou une activit\u00e9 de team-building ici ?<\/strong><\/h3><p><strong>R\u00e9pondre:<\/strong> Absolument. L&#039;h\u00f4tel est sp\u00e9cialis\u00e9 dans les s\u00e9minaires d&#039;entreprise intimistes, les ateliers de team building et les d\u00eeners clients. Nous proposons des forfaits personnalisables incluant salles de r\u00e9union, restauration, visites guid\u00e9es du parc animalier et m\u00eame des s\u00e9ances de yoga dans le jardin.<\/p><div class=\"my-2\">\u00a0<\/div><div class=\"py-2 my-3\"><hr \/><\/div><div class=\"my-2\">\u00a0<\/div><h3><strong>12. L&#039;h\u00f4tel est-il adapt\u00e9 aux voyageurs solitaires ou aux voyageurs d&#039;affaires ?<\/strong><\/h3><p><strong>R\u00e9pondre:<\/strong> Extr\u00eamement. Avec <strong>chambres calmes, acc\u00e8s au salon 24h\/24 et 7j\/7, Wi-Fi fiable et proximit\u00e9 de Lujiazui et de l&#039;a\u00e9roport PVG<\/strong>C&#039;est un lieu de pr\u00e9dilection pour les professionnels solo en qu\u00eate de tranquillit\u00e9 sans sacrifier le confort. De nombreux clients y reviennent chaque mois pour des d\u00e9placements professionnels.<\/p><div class=\"my-2\">\u00a0<\/div><div class=\"py-2 my-3\"><hr \/><\/div><div class=\"my-2\">\u00a0<\/div><h3><strong>13. L&#039;h\u00f4tel dispose-t-il d&#039;une piscine ou d&#039;un spa ?<\/strong><\/h3><p><strong>R\u00e9pondre:<\/strong> Bien qu&#039;il n&#039;y ait pas de piscine, l&#039;h\u00f4tel dispose d&#039;une <strong>salon de jardin int\u00e9rieur serein<\/strong>, <strong>services de massage d&#039;aromath\u00e9rapie<\/strong> (r\u00e9servable en chambre ou au salon), et <strong>s\u00e9ances de yoga matinales gratuites<\/strong> le week-end \u2014 con\u00e7u pour une relaxation consciente.<\/p><div class=\"my-2\">\u00a0<\/div><div class=\"py-2 my-3\"><hr \/><\/div><div class=\"my-2\">\u00a0<\/div><h3><strong>14. Quelles langues parle le personnel ?<\/strong><\/h3><p><strong>R\u00e9pondre:<\/strong> Notre \u00e9quipe de r\u00e9ception et de conciergerie parle couramment <strong>Mandarin et anglais<\/strong>. Plusieurs membres de l&#039;\u00e9quipe parlent \u00e9galement les bases <strong>japonais et cor\u00e9en<\/strong>, facilitant la communication pour les invit\u00e9s internationaux.<\/p><div class=\"my-2\">\u00a0<\/div><div class=\"py-2 my-3\"><hr \/><\/div><div class=\"my-2\">\u00a0<\/div><h3><strong>15. Le petit-d\u00e9jeuner est-il inclus dans le prix de la chambre ?<\/strong><\/h3><p><strong>R\u00e9pondre:<\/strong> Oui. Un <strong>petit-d\u00e9jeuner buffet de luxe gratuit<\/strong> est inclus dans tous les tarifs des chambres. Sans suppl\u00e9ment, m\u00eame pour les clients r\u00e9servant via des plateformes tierces comme Trip.com ou Agoda.<\/p><div class=\"my-2\">\u00a0<\/div><div class=\"py-2 my-3\"><hr \/><\/div><div class=\"my-2\">\u00a0<\/div><h3><strong>16. Comment puis-je me rendre au quartier financier de Lujiazui ou au Bund depuis l&#039;h\u00f4tel ?<\/strong><\/h3><p><strong>R\u00e9pondre:<\/strong> Prendre <strong>Ligne de m\u00e9tro 16<\/strong> de la gare de Xuanzhong Road (7 minutes \u00e0 pied) \u00e0 <strong>Gare de Lujiazui<\/strong> En 20 minutes. Pour rejoindre le Bund, prenez la ligne 2 \u00e0 Longyang Road\u00a0; dur\u00e9e totale du trajet\u00a0: environ 35\u00a0minutes. Taxis ou navettes disponibles.<\/p><div class=\"my-2\">\u00a0<\/div><div class=\"py-2 my-3\"><hr \/><\/div><div class=\"my-2\">\u00a0<\/div><h3><strong>17. Puis-je r\u00e9server une chambre avec vue sur le jardin ou le parc animalier ?<\/strong><\/h3><p><strong>R\u00e9pondre:<\/strong> Oui ! Demandez un <strong>\u00ab Vue sur le jardin \u00bb ou \u00ab Vue sur le parc animalier \u00bb<\/strong> Veuillez indiquer votre chambre lors de la r\u00e9servation. Ces chambres disposent d&#039;un balcon priv\u00e9 donnant sur les paisibles jardins paysagers de l&#039;h\u00f4tel ou sur la verdure du parc au loin. Id\u00e9ales pour la photographie et le calme.<\/p><div class=\"my-2\">\u00a0<\/div><div class=\"py-2 my-3\"><hr \/><\/div><div class=\"my-2\">\u00a0<\/div><h3><strong>18. Y a-t-il une r\u00e9ception ouverte 24 heures sur 24\u00a0?<\/strong><\/h3><p><strong>R\u00e9pondre:<\/strong> Oui. Notre <strong>\u00c9quipe de r\u00e9ception et de conciergerie 24h\/24 et 7j\/7<\/strong> sont toujours disponibles pour vous aider avec l&#039;enregistrement\/le d\u00e9part, le stockage des bagages, les recommandations locales, les r\u00e9servations de taxi et les besoins d&#039;urgence.<\/p><div class=\"my-2\">\u00a0<\/div><div class=\"py-2 my-3\"><hr \/><\/div><div class=\"my-2\">\u00a0<\/div><h3><strong>19. Comment puis-je contacter l&#039;h\u00f4tel pour des r\u00e9servations ou des demandes sp\u00e9ciales ?<\/strong><\/h3><p><strong>R\u00e9pondre:<\/strong><br \/>\ud83d\udcde <strong>T\u00e9l\u00e9phone:<\/strong> <a href=\"tel:+86-21-58058999-0\">+86-21-58058999-0<\/a><br \/>\ud83c\udf10 <strong>Site web:<\/strong> <a href=\"https:\/\/yunheyebohotelxuanzhong.com\/fr\/contactez-nous\/\" target=\"_blank\" rel=\"nofollow noopener\">https:\/\/yunheyebohotelxuanzhong.com\/contact-us <\/a><br \/>Nous r\u00e9pondons dans un d\u00e9lai d&#039;une heure pendant les heures ouvrables et dans un d\u00e9lai de 4 heures en dehors des heures de pointe.<\/p><div class=\"my-2\">\u00a0<\/div><div class=\"py-2 my-3\"><hr \/><\/div><div class=\"my-2\">\u00a0<\/div><h3><strong>20. L&#039;h\u00f4tel accepte-t-il les cartes de cr\u00e9dit, Alipay ou WeChat Pay ?<\/strong><\/h3><p><strong>R\u00e9pondre:<\/strong> Oui ! Nous acceptons <strong>toutes les principales cartes de cr\u00e9dit (Visa, Mastercard, American Express)<\/strong>, ainsi que <strong>Alipay et WeChat Pay<\/strong> \u2014 pour un paiement simplifi\u00e9 pour les clients internationaux et locaux. Les esp\u00e8ces sont \u00e9galement accept\u00e9es.<\/p><div class=\"my-2\">\u00a0<\/div><div class=\"py-2 my-3\"><hr \/><\/div><div class=\"my-2\">\u00a0<\/div><h3>\ud83d\udca1 <strong>Conseil de pro :<\/strong><\/h3><p>Pour une exp\u00e9rience optimale, <strong>r\u00e9server directement sur le site officiel de l&#039;h\u00f4tel<\/strong> recevoir:<\/p><ul dir=\"auto\"><li>Meilleur prix garanti<\/li><li>Surclassement de chambre gratuit (sous r\u00e9serve de disponibilit\u00e9)<\/li><li>Boisson de bienvenue offerte<\/li><li>Enregistrement anticip\u00e9 prioritaire \/ d\u00e9part tardif<\/li><\/ul><div class=\"my-2\">\u00a0<\/div><div class=\"py-2 my-3\"><hr \/><\/div><div class=\"my-2\">\u00a0<\/div><p><strong>H\u00f4tel Yunhe Yebo (branche du parc animalier de Shanghai)<\/strong><br \/>\ud83d\udccd N\u00b0 468 Xuanzhong Road, Pudong New Area, Shanghai, Chine<br \/>\ud83d\udcde <a href=\"tel:+86-21-58058999-0\">+86-21-58058999-0<\/a> | \ud83c\udf10 <a href=\"https:\/\/yunheyebohotelxuanzhong.com\/fr\/\" target=\"_blank\" rel=\"nofollow noopener\">https:\/\/yunheyebohotelxuanzhong.com <\/a><\/p><div class=\"my-2\">\u00a0<\/div><p data-spm-anchor-id=\"a2ty_o01.29997173.0.i11.2702c921vp1WLS\"><em>\u00ab L\u00e0 o\u00f9 la nature rencontre la sagesse \u2014 un sanctuaire au c\u0153ur de Shanghai. \u00bb<\/em><\/p>\t\t\t\t\t\t\t\t<\/div>\n\t\t\t\t\t<\/div>\n\t\t<\/div>\n\t\t\t\t\t<\/div>\n\t\t<\/section>\n\t\t\t\t<section class=\"elementor-section elementor-top-section elementor-element elementor-element-2d611359 elementor-section-stretched elementor-section-boxed elementor-section-gap-beside-yes elementor-section-height-default elementor-section-height-default elementor-section-column-vertical-align-stretch\" data-id=\"2d611359\" data-element_type=\"section\" data-e-type=\"section\" data-settings=\"{&quot;background_background&quot;:&quot;classic&quot;,&quot;stretch_section&quot;:&quot;section-stretched&quot;}\">\n\t\t\t\t\t\t<div class=\"elementor-container elementor-column-gap-extended\">\n\t\t\t\t\t<div class=\"elementor-column elementor-col-100 elementor-top-column elementor-element elementor-element-13de9ef2\" data-id=\"13de9ef2\" data-element_type=\"column\" data-e-type=\"column\">\n\t\t\t<div class=\"elementor-widget-wrap elementor-element-populated\">\n\t\t\t\t\t\t<div class=\"elementor-element elementor-element-500e9e1f elementor-widget elementor-widget-nuss-heading\" data-id=\"500e9e1f\" data-element_type=\"widget\" data-e-type=\"widget\" data-widget_type=\"nuss-heading.default\">\n\t\t\t\t<div class=\"elementor-widget-container\">\n\t\t\t\t\t\t\t<div class=\"nuss-modern-heading\">\r\n\t\t\t\t\t\t<div class=\"heading-secondary-wrap\">\r\n\t\t\t\t<h3 class=\"heading-secondary elementor-heading-title\">Ch\u00e8que disponible <\/h3>\t\t\t<\/div>\r\n\t\t\r\n\t\t\t\r\n\t\t\t\r\n\t\t\t\t\t<\/div>\r\n\t\t\t\t\t<\/div>\n\t\t\t\t<\/div>\n\t\t\t\t<div class=\"elementor-element elementor-element-17fc8ebc elementor-widget elementor-widget-text-editor\" data-id=\"17fc8ebc\" data-element_type=\"widget\" data-e-type=\"widget\" data-widget_type=\"text-editor.default\">\n\t\t\t\t\t\t\t\t\t<iframe border=\"0\" src=\"https:\/\/www.trip.com\/partners\/ad\/S5409112?Allianceid=4590391&#038;SID=259760691&#038;trip_sub1=\" style=\"width:1200px;height:200px\" frameborder=\"0\" scrolling=\"no\" id=\"S5409112\"><\/iframe>\t\t\t\t\t\t\t\t<\/div>\n\t\t\t\t\t<\/div>\n\t\t<\/div>\n\t\t\t\t\t<\/div>\n\t\t<\/section>\n\t\t\t\t<\/div>","protected":false},"excerpt":{"rendered":"<p>Below, you will find a list of the questions most frequently asked by our guests. FAQ&#8217;S Questions &amp; Answers 1. Where is Yunhe Yebo Hotel (Shanghai Wildlife Park Branch) located? Answer: Located at No. 468 Xuanzhong Road, Pudong New Area, Shanghai, China, just a 5-minute walk from the main entrance of Shanghai Wildlife Park. It\u2019s [&hellip;]<\/p>\n","protected":false},"author":1,"featured_media":0,"parent":0,"menu_order":0,"comment_status":"closed","ping_status":"closed","template":"","meta":{"footnotes":""},"class_list":["post-2105","page","type-page","status-publish","hentry","post-no-thumbnail"],"_links":{"self":[{"href":"https:\/\/yunheyebohotelxuanzhong.com\/fr\/wp-json\/wp\/v2\/pages\/2105","targetHints":{"allow":["GET"]}}],"collection":[{"href":"https:\/\/yunheyebohotelxuanzhong.com\/fr\/wp-json\/wp\/v2\/pages"}],"about":[{"href":"https:\/\/yunheyebohotelxuanzhong.com\/fr\/wp-json\/wp\/v2\/types\/page"}],"author":[{"embeddable":true,"href":"https:\/\/yunheyebohotelxuanzhong.com\/fr\/wp-json\/wp\/v2\/users\/1"}],"replies":[{"embeddable":true,"href":"https:\/\/yunheyebohotelxuanzhong.com\/fr\/wp-json\/wp\/v2\/comments?post=2105"}],"version-history":[{"count":0,"href":"https:\/\/yunheyebohotelxuanzhong.com\/fr\/wp-json\/wp\/v2\/pages\/2105\/revisions"}],"wp:attachment":[{"href":"https:\/\/yunheyebohotelxuanzhong.com\/fr\/wp-json\/wp\/v2\/media?parent=2105"}],"curies":[{"name":"wp","href":"https:\/\/api.w.org\/{rel}","templated":true}]}}