{"id":5266,"date":"2021-07-18T08:03:35","date_gmt":"2021-07-18T08:03:35","guid":{"rendered":"https:\/\/nuss.uxper.co\/luxury-resort\/?page_id=5266"},"modified":"2025-09-26T05:53:47","modified_gmt":"2025-09-26T05:53:47","slug":"sobre-nosotros","status":"publish","type":"page","link":"https:\/\/yunheyebohotelxuanzhong.com\/es\/about-us\/","title":{"rendered":"Sobre nosotros"},"content":{"rendered":"<div data-elementor-type=\"wp-page\" data-elementor-id=\"5266\" class=\"elementor elementor-5266\">\n\t\t\t\t\t\t<section class=\"elementor-section elementor-top-section elementor-element elementor-element-10416953 elementor-section-boxed elementor-section-gap-beside-yes elementor-section-height-default elementor-section-height-default elementor-section-column-vertical-align-stretch\" data-id=\"10416953\" data-element_type=\"section\" data-e-type=\"section\">\n\t\t\t\t\t\t<div class=\"elementor-container elementor-column-gap-extended\">\n\t\t\t\t\t<div class=\"elementor-column elementor-col-100 elementor-top-column elementor-element elementor-element-29c6aa8\" data-id=\"29c6aa8\" data-element_type=\"column\" data-e-type=\"column\">\n\t\t\t<div class=\"elementor-widget-wrap elementor-element-populated\">\n\t\t\t\t\t\t<div class=\"elementor-element elementor-element-7be18fe7 elementor-widget__width-initial elementor-invisible elementor-widget elementor-widget-text-editor\" data-id=\"7be18fe7\" data-element_type=\"widget\" data-e-type=\"widget\" data-settings=\"{&quot;_animation&quot;:&quot;nussFadeInUp&quot;}\" data-widget_type=\"text-editor.default\">\n\t\t\t\t\t\t\t\t\t<p><strong>Bienvenido al Hotel Yunhe Yebo (Sucursal del Parque de Vida Silvestre de Shangh\u00e1i): donde la naturaleza se fusiona con la comodidad moderna en el coraz\u00f3n de Pudong.<\/strong><\/p>\t\t\t\t\t\t\t\t<\/div>\n\t\t\t\t\t<\/div>\n\t\t<\/div>\n\t\t\t\t\t<\/div>\n\t\t<\/section>\n\t\t\t\t<section class=\"elementor-section elementor-top-section elementor-element elementor-element-7d18327f elementor-section-boxed elementor-section-gap-beside-yes elementor-section-height-default elementor-section-height-default elementor-section-column-vertical-align-stretch\" data-id=\"7d18327f\" data-element_type=\"section\" data-e-type=\"section\">\n\t\t\t\t\t\t<div class=\"elementor-container elementor-column-gap-extended\">\n\t\t\t\t\t<div class=\"elementor-column elementor-col-50 elementor-top-column elementor-element elementor-element-56533670\" data-id=\"56533670\" data-element_type=\"column\" data-e-type=\"column\">\n\t\t\t<div class=\"elementor-widget-wrap elementor-element-populated\">\n\t\t\t\t\t\t<div class=\"elementor-element elementor-element-19c3f543 elementor-invisible elementor-widget elementor-widget-text-editor\" data-id=\"19c3f543\" data-element_type=\"widget\" data-e-type=\"widget\" data-settings=\"{&quot;_animation&quot;:&quot;nussFadeInUp&quot;}\" data-widget_type=\"text-editor.default\">\n\t\t\t\t\t\t\t\t\t<p>Ubicado en el n.\u00b0 468 de la calle Xuanzhong, en la Nueva Zona de Pudong, Shangh\u00e1i, el Hotel Yunhe Yebo (Sucursal del Parque de Vida Silvestre de Shangh\u00e1i) no es solo un lugar para dormir: es una escapada inmersiva dise\u00f1ada para viajeros que buscan tranquilidad, comodidad y un toque de elegancia natural. Como uno de los pocos hoteles boutique con una ubicaci\u00f3n privilegiada junto al mundialmente famoso Parque de Vida Silvestre de Shangh\u00e1i, nuestra propiedad ofrece una fusi\u00f3n inigualable de accesibilidad urbana y serenidad natural: una joya \u00fanica en una de las metr\u00f3polis m\u00e1s din\u00e1micas de China.<\/p>\t\t\t\t\t\t\t\t<\/div>\n\t\t\t\t\t<\/div>\n\t\t<\/div>\n\t\t\t\t<div class=\"elementor-column elementor-col-50 elementor-top-column elementor-element elementor-element-30f14127\" data-id=\"30f14127\" data-element_type=\"column\" data-e-type=\"column\">\n\t\t\t<div class=\"elementor-widget-wrap elementor-element-populated\">\n\t\t\t\t\t\t<div class=\"elementor-element elementor-element-59aea08 elementor-widget elementor-widget-image\" data-id=\"59aea08\" data-element_type=\"widget\" data-e-type=\"widget\" data-widget_type=\"image.default\">\n\t\t\t\t\t\t\t\t\t\t\t\t\t\t\t<img fetchpriority=\"high\" decoding=\"async\" width=\"1024\" height=\"768\" src=\"https:\/\/yunheyebohotelxuanzhong.com\/wp-content\/uploads\/2025\/09\/YunheYeboHotelXuanzhong-31-1024x768.webp\" class=\"attachment-large size-large wp-image-6387\" alt=\"\" srcset=\"https:\/\/yunheyebohotelxuanzhong.com\/wp-content\/uploads\/2025\/09\/YunheYeboHotelXuanzhong-31-1024x768.webp 1024w, https:\/\/yunheyebohotelxuanzhong.com\/wp-content\/uploads\/2025\/09\/YunheYeboHotelXuanzhong-31-300x225.webp 300w, https:\/\/yunheyebohotelxuanzhong.com\/wp-content\/uploads\/2025\/09\/YunheYeboHotelXuanzhong-31-768x576.webp 768w, https:\/\/yunheyebohotelxuanzhong.com\/wp-content\/uploads\/2025\/09\/YunheYeboHotelXuanzhong-31-16x12.webp 16w, https:\/\/yunheyebohotelxuanzhong.com\/wp-content\/uploads\/2025\/09\/YunheYeboHotelXuanzhong-31.webp 1137w\" sizes=\"(max-width: 1024px) 100vw, 1024px\" \/>\t\t\t\t\t\t\t\t\t\t\t\t\t\t\t<\/div>\n\t\t\t\t\t<\/div>\n\t\t<\/div>\n\t\t\t\t\t<\/div>\n\t\t<\/section>\n\t\t\t\t<section class=\"elementor-section elementor-top-section elementor-element elementor-element-29fb8578 elementor-section-height-min-height elementor-section-stretched elementor-section-full_width elementor-section-items-stretch elementor-section-height-default elementor-section-column-vertical-align-stretch\" data-id=\"29fb8578\" data-element_type=\"section\" data-e-type=\"section\" data-settings=\"{&quot;stretch_section&quot;:&quot;section-stretched&quot;}\">\n\t\t\t\t\t\t<div class=\"elementor-container elementor-column-gap-no\">\n\t\t\t\t\t<div class=\"elementor-column elementor-col-50 elementor-top-column elementor-element elementor-element-40ac270b\" data-id=\"40ac270b\" data-element_type=\"column\" data-e-type=\"column\">\n\t\t\t<div class=\"elementor-widget-wrap elementor-element-populated\">\n\t\t\t\t\t\t<div class=\"elementor-element elementor-element-20872773 elementor-widget__width-initial elementor-widget-mobile__width-inherit elementor-invisible nuss-elementor-loading nuss-slide-in-right elementor-widget elementor-widget-image\" data-id=\"20872773\" data-element_type=\"widget\" data-e-type=\"widget\" data-settings=\"{&quot;_animation&quot;:&quot;nussSlideInRight&quot;}\" data-widget_type=\"image.default\">\n\t\t\t\t\t\t\t\t\t\t\t\t\t\t\t<img decoding=\"async\" width=\"1280\" height=\"800\" src=\"https:\/\/yunheyebohotelxuanzhong.com\/wp-content\/uploads\/2025\/09\/YunheYeboHotelXuanzhong-35.webp\" class=\"attachment-full size-full wp-image-6391\" alt=\"\" srcset=\"https:\/\/yunheyebohotelxuanzhong.com\/wp-content\/uploads\/2025\/09\/YunheYeboHotelXuanzhong-35.webp 1280w, https:\/\/yunheyebohotelxuanzhong.com\/wp-content\/uploads\/2025\/09\/YunheYeboHotelXuanzhong-35-300x188.webp 300w, https:\/\/yunheyebohotelxuanzhong.com\/wp-content\/uploads\/2025\/09\/YunheYeboHotelXuanzhong-35-1024x640.webp 1024w, https:\/\/yunheyebohotelxuanzhong.com\/wp-content\/uploads\/2025\/09\/YunheYeboHotelXuanzhong-35-768x480.webp 768w, https:\/\/yunheyebohotelxuanzhong.com\/wp-content\/uploads\/2025\/09\/YunheYeboHotelXuanzhong-35-18x12.webp 18w\" sizes=\"(max-width: 1280px) 100vw, 1280px\" \/>\t\t\t\t\t\t\t\t\t\t\t\t\t\t\t<\/div>\n\t\t\t\t\t<\/div>\n\t\t<\/div>\n\t\t\t\t<div class=\"elementor-column elementor-col-50 elementor-top-column elementor-element elementor-element-2dac103\" data-id=\"2dac103\" data-element_type=\"column\" data-e-type=\"column\">\n\t\t\t<div class=\"elementor-widget-wrap elementor-element-populated\">\n\t\t\t\t\t\t<div class=\"elementor-element elementor-element-6f1b8966 elementor-invisible elementor-widget elementor-widget-text-editor\" data-id=\"6f1b8966\" data-element_type=\"widget\" data-e-type=\"widget\" data-settings=\"{&quot;_animation&quot;:&quot;nussFadeInUp&quot;}\" data-widget_type=\"text-editor.default\">\n\t\t\t\t\t\t\t\t\t<p data-spm-anchor-id=\"a2ty_o01.29997173.0.i15.2702c921p5Bwb7\">Ya sea que visite Shangh\u00e1i para disfrutar de una aventura familiar y ver de cerca leones, pandas y flamencos, asistir a una reuni\u00f3n de negocios en el distrito financiero de Pudong o simplemente buscar un refugio tranquilo lejos del ritmo fren\u00e9tico de la ciudad, el Hotel Yunhe Yebo le ofrece una experiencia tan especial como inolvidable. Nuestras habitaciones, cuidadosamente dise\u00f1adas, combinan una est\u00e9tica moderna y minimalista con tonos c\u00e1lidos y terrosos inspirados en la vegetaci\u00f3n circundante, creando un refugio relajante tras un d\u00eda de exploraci\u00f3n. Los ventanales de suelo a techo dejan entrar la luz natural, mientras que los balcones privados ofrecen momentos de tranquilidad para tomar un t\u00e9 mientras la niebla matutina se eleva sobre los bosques cercanos.<\/p><div class=\"my-2\">\u00a0<\/div><p>A solo 5 minutos a pie de la entrada principal del Parque de Vida Silvestre de Shangh\u00e1i, nuestro hotel es el punto de partida ideal para familias, amantes de la naturaleza y fot\u00f3grafos que buscan acceso anticipado a los exclusivos encuentros con animales del parque. Para viajeros de negocios, el hotel se encuentra a 15 minutos en coche del distrito financiero de Lujiazui, a 20 minutos del Aeropuerto Internacional de Shangh\u00e1i-Pudong (PVG) y est\u00e1 conectado directamente con la l\u00ednea 16 del metro, lo que facilita el acceso a las principales atracciones de la ciudad, como la Torre de Shangh\u00e1i, la Torre de la Perla Oriental y la vibrante calle Nanxiang Xiaolongbao.<\/p>\t\t\t\t\t\t\t\t<\/div>\n\t\t\t\t\t<\/div>\n\t\t<\/div>\n\t\t\t\t\t<\/div>\n\t\t<\/section>\n\t\t\t\t<section class=\"elementor-section elementor-top-section elementor-element elementor-element-59ab340 elementor-section-height-min-height elementor-section-stretched elementor-section-full_width elementor-section-items-stretch elementor-section-height-default elementor-section-column-vertical-align-stretch\" data-id=\"59ab340\" data-element_type=\"section\" data-e-type=\"section\" data-settings=\"{&quot;stretch_section&quot;:&quot;section-stretched&quot;}\">\n\t\t\t\t\t\t<div class=\"elementor-container elementor-column-gap-no\">\n\t\t\t\t\t<div class=\"elementor-column elementor-col-50 elementor-top-column elementor-element elementor-element-640e8c6\" data-id=\"640e8c6\" data-element_type=\"column\" data-e-type=\"column\">\n\t\t\t<div class=\"elementor-widget-wrap elementor-element-populated\">\n\t\t\t\t\t\t<div class=\"elementor-element elementor-element-0ae0b60 elementor-invisible elementor-widget elementor-widget-text-editor\" data-id=\"0ae0b60\" data-element_type=\"widget\" data-e-type=\"widget\" data-settings=\"{&quot;_animation&quot;:&quot;nussFadeInUp&quot;}\" data-widget_type=\"text-editor.default\">\n\t\t\t\t\t\t\t\t\t<p data-spm-anchor-id=\"a2ty_o01.29997173.0.i17.2702c921p5Bwb7\">Adem\u00e1s de su ubicaci\u00f3n, el Hotel Yunhe Yebo destaca por sus servicios cuidadosamente seleccionados: un tranquilo sal\u00f3n con jard\u00edn interior, un saludable desayuno buffet disponible las 24 horas con delicias locales de Shangh\u00e1i e ingredientes org\u00e1nicos, alquiler gratuito de bicicletas el\u00e9ctricas para explorar los senderos cercanos y un centro de bienestar que ofrece masajes de aromaterapia y sesiones de yoga al amanecer. Nuestro personal, que habla mandar\u00edn, ingl\u00e9s y japon\u00e9s b\u00e1sico con fluidez, trata a cada hu\u00e9sped como si fuera de la familia: atento sin intrusiones, c\u00e1lido sin pretensiones.<\/p><div class=\"my-2\">\u00a0<\/div><p data-spm-anchor-id=\"a2ty_o01.29997173.0.i16.2702c921p5Bwb7\">Hemos dise\u00f1ado Yunhe Yebo no solo como un hotel, sino como un destino dentro de otro destino. Ya sea que reserve una escapada de fin de semana con ni\u00f1os, un retiro de mindfulness en solitario o una estancia corporativa para fomentar el esp\u00edritu de equipo, nuestra combinaci\u00f3n \u00fanica de proximidad a la naturaleza, confort moderno y hospitalidad aut\u00e9ntica garantiza que su experiencia en Shangh\u00e1i sea m\u00e1s que un simple viaje: una historia que querr\u00e1 revivir.<\/p><div class=\"my-2\">\u00a0<\/div><p><strong>Hotel Yunhe Yebo: Respira hondo. Vive la naturaleza. Vive bien.<\/strong><br \/>\ud83d\udccd No. 468 Xuanzhong Road, Nueva \u00c1rea de Pudong, Shangh\u00e1i, China<br \/>\ud83d\ude97 A 5 minutos del Parque de Vida Silvestre de Shangh\u00e1i | \ud83d\ude87 L\u00ednea 16 del metro | \ud83d\udee9\ufe0f A 15 minutos del Aeropuerto de Pudong<br \/>\u2b50 Calificaci\u00f3n de 4.9\/5 por m\u00e1s de 1200 viajeros en Tripadvisor | \u2705 Estacionamiento gratuito | \u2705 Habitaciones que admiten mascotas | \u2705 Servicio de conserjer\u00eda 24\/7<\/p><div class=\"my-2\">\u00a0<\/div><p>Planifique su pr\u00f3xima estancia: donde el rugido de la naturaleza se fusiona con la tranquilidad del lujo. Bienvenido a casa, incluso cuando est\u00e9 lejos.<\/p>\t\t\t\t\t\t\t\t<\/div>\n\t\t\t\t\t<\/div>\n\t\t<\/div>\n\t\t\t\t<div class=\"elementor-column elementor-col-50 elementor-top-column elementor-element elementor-element-a4fe7f7\" data-id=\"a4fe7f7\" data-element_type=\"column\" data-e-type=\"column\">\n\t\t\t<div class=\"elementor-widget-wrap elementor-element-populated\">\n\t\t\t\t\t\t<div class=\"elementor-element elementor-element-4e5d5da elementor-widget__width-initial elementor-widget-mobile__width-inherit elementor-invisible nuss-elementor-loading nuss-slide-in-right elementor-widget elementor-widget-image\" data-id=\"4e5d5da\" data-element_type=\"widget\" data-e-type=\"widget\" data-settings=\"{&quot;_animation&quot;:&quot;nussSlideInRight&quot;}\" data-widget_type=\"image.default\">\n\t\t\t\t\t\t\t\t\t\t\t\t\t\t\t<img decoding=\"async\" width=\"1280\" height=\"853\" src=\"https:\/\/yunheyebohotelxuanzhong.com\/wp-content\/uploads\/2025\/09\/YunheYeboHotelXuanzhong-17.webp\" class=\"attachment-full size-full wp-image-6373\" alt=\"\" srcset=\"https:\/\/yunheyebohotelxuanzhong.com\/wp-content\/uploads\/2025\/09\/YunheYeboHotelXuanzhong-17.webp 1280w, https:\/\/yunheyebohotelxuanzhong.com\/wp-content\/uploads\/2025\/09\/YunheYeboHotelXuanzhong-17-300x200.webp 300w, https:\/\/yunheyebohotelxuanzhong.com\/wp-content\/uploads\/2025\/09\/YunheYeboHotelXuanzhong-17-1024x682.webp 1024w, https:\/\/yunheyebohotelxuanzhong.com\/wp-content\/uploads\/2025\/09\/YunheYeboHotelXuanzhong-17-768x512.webp 768w, https:\/\/yunheyebohotelxuanzhong.com\/wp-content\/uploads\/2025\/09\/YunheYeboHotelXuanzhong-17-18x12.webp 18w\" sizes=\"(max-width: 1280px) 100vw, 1280px\" \/>\t\t\t\t\t\t\t\t\t\t\t\t\t\t\t<\/div>\n\t\t\t\t\t<\/div>\n\t\t<\/div>\n\t\t\t\t\t<\/div>\n\t\t<\/section>\n\t\t\t\t<section class=\"elementor-section elementor-top-section elementor-element elementor-element-2092b7d0 elementor-section-stretched elementor-section-boxed elementor-section-gap-beside-yes elementor-section-height-default elementor-section-height-default elementor-section-column-vertical-align-stretch\" data-id=\"2092b7d0\" data-element_type=\"section\" data-e-type=\"section\" data-settings=\"{&quot;background_background&quot;:&quot;classic&quot;,&quot;stretch_section&quot;:&quot;section-stretched&quot;}\">\n\t\t\t\t\t\t<div class=\"elementor-container elementor-column-gap-extended\">\n\t\t\t\t\t<div class=\"elementor-column elementor-col-100 elementor-top-column elementor-element elementor-element-be69d75\" data-id=\"be69d75\" data-element_type=\"column\" data-e-type=\"column\">\n\t\t\t<div class=\"elementor-widget-wrap elementor-element-populated\">\n\t\t\t\t\t\t<div class=\"elementor-element elementor-element-320c022 elementor-widget elementor-widget-nuss-heading\" data-id=\"320c022\" data-element_type=\"widget\" data-e-type=\"widget\" data-widget_type=\"nuss-heading.default\">\n\t\t\t\t<div class=\"elementor-widget-container\">\n\t\t\t\t\t\t\t<div class=\"nuss-modern-heading\">\r\n\t\t\t\t\t\t<div class=\"heading-secondary-wrap\">\r\n\t\t\t\t<h3 class=\"heading-secondary elementor-heading-title\">Consultar disponibilidad <\/h3>\t\t\t<\/div>\r\n\t\t\r\n\t\t\t\r\n\t\t\t\r\n\t\t\t\t\t<\/div>\r\n\t\t\t\t\t<\/div>\n\t\t\t\t<\/div>\n\t\t\t\t<div class=\"elementor-element elementor-element-fe69a93 elementor-widget elementor-widget-text-editor\" data-id=\"fe69a93\" data-element_type=\"widget\" data-e-type=\"widget\" data-widget_type=\"text-editor.default\">\n\t\t\t\t\t\t\t\t\t<iframe border=\"0\" src=\"https:\/\/www.trip.com\/partners\/ad\/S5580654?Allianceid=4590391&#038;SID=262668687&#038;trip_sub1=\" style=\"width:1200px;height:200px\" frameborder=\"0\" scrolling=\"no\" id=\"S5580654\"><\/iframe>\t\t\t\t\t\t\t\t<\/div>\n\t\t\t\t\t<\/div>\n\t\t<\/div>\n\t\t\t\t\t<\/div>\n\t\t<\/section>\n\t\t\t\t<\/div>","protected":false},"excerpt":{"rendered":"<p>Welcome to Yunhe Yebo Hotel (Shanghai Wildlife Park Branch) \u2014 Where Nature Meets Modern Comfort in the Heart of Pudong Nestled at No. 468 Xuanzhong Road, Pudong New Area, Shanghai, Yunhe Yebo Hotel (Shanghai Wildlife Park Branch) isn\u2019t just a place to sleep \u2014 it\u2019s an immersive escape designed for travelers who crave tranquility, convenience, [&hellip;]<\/p>\n","protected":false},"author":1,"featured_media":0,"parent":0,"menu_order":0,"comment_status":"closed","ping_status":"closed","template":"","meta":{"footnotes":""},"class_list":["post-5266","page","type-page","status-publish","hentry","post-no-thumbnail"],"_links":{"self":[{"href":"https:\/\/yunheyebohotelxuanzhong.com\/es\/wp-json\/wp\/v2\/pages\/5266","targetHints":{"allow":["GET"]}}],"collection":[{"href":"https:\/\/yunheyebohotelxuanzhong.com\/es\/wp-json\/wp\/v2\/pages"}],"about":[{"href":"https:\/\/yunheyebohotelxuanzhong.com\/es\/wp-json\/wp\/v2\/types\/page"}],"author":[{"embeddable":true,"href":"https:\/\/yunheyebohotelxuanzhong.com\/es\/wp-json\/wp\/v2\/users\/1"}],"replies":[{"embeddable":true,"href":"https:\/\/yunheyebohotelxuanzhong.com\/es\/wp-json\/wp\/v2\/comments?post=5266"}],"version-history":[{"count":0,"href":"https:\/\/yunheyebohotelxuanzhong.com\/es\/wp-json\/wp\/v2\/pages\/5266\/revisions"}],"wp:attachment":[{"href":"https:\/\/yunheyebohotelxuanzhong.com\/es\/wp-json\/wp\/v2\/media?parent=5266"}],"curies":[{"name":"wp","href":"https:\/\/api.w.org\/{rel}","templated":true}]}}