{"id":2104,"date":"2021-03-23T09:33:48","date_gmt":"2021-03-23T09:33:48","guid":{"rendered":"http:\/\/localhost\/nuss\/?page_id=167"},"modified":"2025-09-26T09:51:45","modified_gmt":"2025-09-26T09:51:45","slug":"nuestra-historia","status":"publish","type":"page","link":"https:\/\/yunheyebohotelxuanzhong.com\/es\/our-story\/","title":{"rendered":"Nuestra historia"},"content":{"rendered":"<div data-elementor-type=\"wp-page\" data-elementor-id=\"2104\" class=\"elementor elementor-2104\">\n\t\t\t\t\t\t<section class=\"elementor-section elementor-top-section elementor-element elementor-element-8f5bb9d elementor-section-boxed elementor-section-gap-beside-yes elementor-section-height-default elementor-section-height-default elementor-section-column-vertical-align-stretch\" data-id=\"8f5bb9d\" data-element_type=\"section\" data-e-type=\"section\">\n\t\t\t\t\t\t<div class=\"elementor-container elementor-column-gap-extended\">\n\t\t\t\t\t<div class=\"elementor-column elementor-col-100 elementor-top-column elementor-element elementor-element-7ec4215\" data-id=\"7ec4215\" data-element_type=\"column\" data-e-type=\"column\">\n\t\t\t<div class=\"elementor-widget-wrap elementor-element-populated\">\n\t\t\t\t\t\t<div class=\"elementor-element elementor-element-edd9d03 elementor-widget__width-initial elementor-invisible elementor-widget elementor-widget-text-editor\" data-id=\"edd9d03\" data-element_type=\"widget\" data-e-type=\"widget\" data-settings=\"{&quot;_animation&quot;:&quot;nussFadeInUp&quot;}\" data-widget_type=\"text-editor.default\">\n\t\t\t\t\t\t\t\t\t<p data-spm-anchor-id=\"a2ty_o01.29997173.0.i18.2702c921vp1WLS\">No nos propusimos construir un hotel. Nos propusimos construir un <em>santuario<\/em>.<\/p>\t\t\t\t\t\t\t\t<\/div>\n\t\t\t\t\t<\/div>\n\t\t<\/div>\n\t\t\t\t\t<\/div>\n\t\t<\/section>\n\t\t<div class=\"elementor-element elementor-element-ae7e42f e-flex e-con-boxed e-con e-parent\" data-id=\"ae7e42f\" data-element_type=\"container\" data-e-type=\"container\">\n\t\t\t\t\t<div class=\"e-con-inner\">\n\t\t\t\t<div class=\"elementor-element elementor-element-136c3a3 elementor-widget elementor-widget-text-editor\" data-id=\"136c3a3\" data-element_type=\"widget\" data-e-type=\"widget\" data-widget_type=\"text-editor.default\">\n\t\t\t\t\t\t\t\t\t<p data-spm-anchor-id=\"a2ty_o01.29997173.0.i20.2702c921vp1WLS\">En 2021, a medida que el horizonte de Shangh\u00e1i se hac\u00eda cada vez m\u00e1s alto y su ritmo cada vez m\u00e1s r\u00e1pido, un peque\u00f1o grupo de arquitectos, dise\u00f1adores hoteleros y entusiastas de la naturaleza se encontraron plante\u00e1ndose una pregunta simple, pero radical: <em>\u00bfPuede un hotel ser m\u00e1s que un lugar para dormir? \u00bfPuede ser un lugar para respirar?<\/em><\/p><p>La respuesta comenz\u00f3 con un tranquilo terreno en el n\u00famero 468 de la calle Xuanzhong en Pudong, un rinc\u00f3n olvidado escondido entre el rugido de la autopista y el susurro de los \u00faltimos corredores verdes de la ciudad. No era glamoroso. No era c\u00e9ntrico. Pero era... <em>vivo<\/em>. Bajo el hormig\u00f3n y el ruido de la construcci\u00f3n, la tierra a\u00fan recordaba el ritmo de las estaciones. Los \u00e1rboles a\u00fan cantaban con el viento. Y justo al otro lado de la calle, las puertas del Parque de Vida Silvestre de Shangh\u00e1i se abr\u00edan a diario ante la maravilla de miles de personas: ni\u00f1os que se quedaban boquiabiertos al ver a los pandas, ancianos que sonre\u00edan a los flamencos, familias que retomaban la alegr\u00eda de la quietud.<\/p><p>Fue entonces cuando lo supimos.<\/p><p>No quer\u00edamos construir otro &quot;hotel de lujo&quot;. No quer\u00edamos otra torre de cristal que reflejara la misma esencia corporativa que todas las dem\u00e1s cadenas de Pudong. Quer\u00edamos construir algo... <em>vivo<\/em> \u2014 un lugar donde el alma puede exhalar.<\/p><p>As\u00ed que empezamos.<\/p><p>Trabajamos con artesanos locales para obtener teca recuperada de antiguos almacenes de Shangh\u00e1i. Nos asociamos con horticultores para plantar bamb\u00fa, camelias y magnolias aut\u00f3ctonas que prosperar\u00edan en el clima h\u00famedo de Shangh\u00e1i, no para decoraci\u00f3n, sino para... <em>resonancia<\/em>. Dise\u00f1amos cada ventana para enmarcar el cielo, no el tr\u00e1fico. Instalamos vidrios de doble acristalamiento con aislamiento ac\u00fastico para que el rugido de la ciudad se desvaneciera y el canto de los p\u00e1jaros volviera.<\/p><p>Nos negamos a instalar una sola valla publicitaria LED. Nada de ne\u00f3n. Nada de m\u00fasica alta. Nada de luz artificial al anochecer.<\/p><p>En cambio, iluminamos los senderos con c\u00e1lidas linternas de bajo voltaje. Instalamos sistemas de recolecci\u00f3n de agua de lluvia para nutrir nuestros jardines. Capacitamos a nuestro personal no en un servicio preestablecido, sino en la presencia: para escuchar, para observar, para recordar su nombre, su preferencia de t\u00e9, su sonrisa al ver los peces koi.<\/p><p>Y luego, abrimos las puertas.<\/p><p>Lo que ocurri\u00f3 despu\u00e9s nos sorprendi\u00f3 incluso a nosotros.<\/p><p>Las familias no vinieron solo a ver el parque de vida silvestre, vinieron a <em>permanecer<\/em>. Los viajeros de negocios no solo vinieron por el acceso al metro, vinieron a... <em>reconectar<\/em>. Los viajeros solitarios no vinieron solo por la tranquilidad, vinieron a... <em>recordarse a s\u00ed mismos<\/em>.<\/p><p>Una invitada, una madre de Beijing, escribi\u00f3: <em>\u201cNo me hab\u00eda dado cuenta de que hab\u00eda olvidado c\u00f3mo sentarme en silencio. Este lugar me lo volvi\u00f3 a ense\u00f1ar.\u201d<\/em><\/p><p>Un empresario tecnol\u00f3gico de Singapur dijo: <em>\u201cMe he alojado en 47 hoteles en Asia. Este es el \u00fanico donde no revis\u00e9 mi tel\u00e9fono durante 36 horas.\u201d<\/em><\/p><p>Un profesor jubilado de Guangzhou dej\u00f3 una nota en nuestro libro de visitas: <em>\u201cVine a ver a los pandas. Me qued\u00e9 por la paz.\u201d<\/em><\/p><p>Yunhe Yebo, que se traduce del mandar\u00edn como &quot;Nubes descansando bajo los \u00e1rboles&quot;, se convirti\u00f3 en algo m\u00e1s que un hotel. Se convirti\u00f3 en una revoluci\u00f3n silenciosa.<\/p><p>No estamos tratando de ser los m\u00e1s grandes. Estamos tratando de ser los mejores. <em>m\u00e1s verdadero<\/em>.<\/p><p>Nuestras habitaciones no est\u00e1n llenas de aparatos, sino de silencio, luz y espacio. Nuestro desayuno no es un buf\u00e9 de lujo importado, sino un ritual diario con ingredientes locales: tofu reci\u00e9n hecho al amanecer, bollos al vapor envueltos por manos que los elaboran desde hace 40 a\u00f1os, t\u00e9 elaborado con hojas cultivadas en las colinas de Zhejiang.<\/p><p>Nuestro centro de negocios no tiene un logotipo corporativo: tiene una ventana que da a un jard\u00edn donde las mariposas regresan cada primavera.<\/p><p>No ofrecemos \u201ccomodidades\u201d. Ofrecemos <em>momentos<\/em>.<\/p><p>El momento en que te despiertas con el sonido del viento en el bamb\u00fa.<\/p><p>El momento en que tu hijo se\u00f1ala un p\u00e1jaro que nunca has visto antes y te das cuenta de que ambos lo est\u00e1n viendo por primera vez juntos.<\/p><p>El momento en que te sientas solo en tu balc\u00f3n al atardecer, tomando t\u00e9, y sientes, por primera vez en a\u00f1os, que est\u00e1s exactamente donde debes estar.<\/p><p>No construimos Yunhe Yebo para competir con los gigantes de Shanghai.<\/p><p>Lo construimos para recordarles a ellos (y a usted) que la hospitalidad no es una cuesti\u00f3n de escala.<\/p><p>Se trata del alma.<\/p><p>Se trata de recordar que incluso en la ciudad m\u00e1s bulliciosa del mundo, todav\u00eda hay lugar para la quietud.<\/p><p>Que incluso en el coraz\u00f3n del hormig\u00f3n, la naturaleza todav\u00eda espera \u2014paciente y hermosamente\u2014 a ser notada.<\/p><p>As\u00ed que si est\u00e1s buscando un lugar donde descansar tu cuerpo, aqu\u00ed estamos.<\/p><p>Pero si est\u00e1s buscando un lugar para restaurar tu esp\u00edritu\u2026<\/p><p>Bienvenido a casa.<\/p><p>\u2014<\/p><div class=\"my-2\">\u00a0<\/div><p data-spm-anchor-id=\"a2ty_o01.29997173.0.i21.2702c921vp1WLS\"><strong>Hotel Yunhe Yebo (Sucursal del Parque de Vida Silvestre de Shangh\u00e1i)<\/strong><br \/>No. 468 Xuanzhong Road, Nueva \u00c1rea de Pudong, Shangh\u00e1i, China<br \/><em>Donde la ciudad se ralentiza y el alma recuerda c\u00f3mo respirar.<\/em><\/p>\t\t\t\t\t\t\t\t<\/div>\n\t\t\t\t\t<\/div>\n\t\t\t\t<\/div>\n\t\t\t\t<section class=\"elementor-section elementor-top-section elementor-element elementor-element-1fa0735c elementor-section-stretched elementor-section-boxed elementor-section-gap-beside-yes elementor-section-height-default elementor-section-height-default elementor-section-column-vertical-align-stretch\" data-id=\"1fa0735c\" data-element_type=\"section\" data-e-type=\"section\" data-settings=\"{&quot;background_background&quot;:&quot;classic&quot;,&quot;stretch_section&quot;:&quot;section-stretched&quot;}\">\n\t\t\t\t\t\t<div class=\"elementor-container elementor-column-gap-extended\">\n\t\t\t\t\t<div class=\"elementor-column elementor-col-100 elementor-top-column elementor-element elementor-element-62a78c9c\" data-id=\"62a78c9c\" data-element_type=\"column\" data-e-type=\"column\">\n\t\t\t<div class=\"elementor-widget-wrap elementor-element-populated\">\n\t\t\t\t\t\t<div class=\"elementor-element elementor-element-d75a366 elementor-widget elementor-widget-nuss-heading\" data-id=\"d75a366\" data-element_type=\"widget\" data-e-type=\"widget\" data-widget_type=\"nuss-heading.default\">\n\t\t\t\t<div class=\"elementor-widget-container\">\n\t\t\t\t\t\t\t<div class=\"nuss-modern-heading\">\r\n\t\t\t\t\t\t<div class=\"heading-secondary-wrap\">\r\n\t\t\t\t<h3 class=\"heading-secondary elementor-heading-title\">Consultar disponibilidad <\/h3>\t\t\t<\/div>\r\n\t\t\r\n\t\t\t\r\n\t\t\t\r\n\t\t\t\t\t<\/div>\r\n\t\t\t\t\t<\/div>\n\t\t\t\t<\/div>\n\t\t\t\t<div class=\"elementor-element elementor-element-20fb438b elementor-widget elementor-widget-text-editor\" data-id=\"20fb438b\" data-element_type=\"widget\" data-e-type=\"widget\" data-widget_type=\"text-editor.default\">\n\t\t\t\t\t\t\t\t\t<iframe border=\"0\" src=\"https:\/\/www.trip.com\/partners\/ad\/S5580654?Allianceid=4590391&#038;SID=262668687&#038;trip_sub1=\" style=\"width:1200px;height:200px\" frameborder=\"0\" scrolling=\"no\" id=\"S5580654\"><\/iframe>\t\t\t\t\t\t\t\t<\/div>\n\t\t\t\t\t<\/div>\n\t\t<\/div>\n\t\t\t\t\t<\/div>\n\t\t<\/section>\n\t\t\t\t<\/div>","protected":false},"excerpt":{"rendered":"<p>We didn\u2019t set out to build a hotel. We set out to build a sanctuary. In 2021, as Shanghai\u2019s skyline grew ever taller and its pace ever faster, a small group of architects, hospitality designers, and nature enthusiasts found themselves asking a simple, yet radical question: Can a hotel be more than a place to [&hellip;]<\/p>\n","protected":false},"author":1,"featured_media":0,"parent":0,"menu_order":0,"comment_status":"closed","ping_status":"closed","template":"","meta":{"footnotes":""},"class_list":["post-2104","page","type-page","status-publish","hentry","post-no-thumbnail"],"_links":{"self":[{"href":"https:\/\/yunheyebohotelxuanzhong.com\/es\/wp-json\/wp\/v2\/pages\/2104","targetHints":{"allow":["GET"]}}],"collection":[{"href":"https:\/\/yunheyebohotelxuanzhong.com\/es\/wp-json\/wp\/v2\/pages"}],"about":[{"href":"https:\/\/yunheyebohotelxuanzhong.com\/es\/wp-json\/wp\/v2\/types\/page"}],"author":[{"embeddable":true,"href":"https:\/\/yunheyebohotelxuanzhong.com\/es\/wp-json\/wp\/v2\/users\/1"}],"replies":[{"embeddable":true,"href":"https:\/\/yunheyebohotelxuanzhong.com\/es\/wp-json\/wp\/v2\/comments?post=2104"}],"version-history":[{"count":0,"href":"https:\/\/yunheyebohotelxuanzhong.com\/es\/wp-json\/wp\/v2\/pages\/2104\/revisions"}],"wp:attachment":[{"href":"https:\/\/yunheyebohotelxuanzhong.com\/es\/wp-json\/wp\/v2\/media?parent=2104"}],"curies":[{"name":"wp","href":"https:\/\/api.w.org\/{rel}","templated":true}]}}