{"id":5266,"date":"2021-07-18T08:03:35","date_gmt":"2021-07-18T08:03:35","guid":{"rendered":"https:\/\/nuss.uxper.co\/luxury-resort\/?page_id=5266"},"modified":"2025-09-26T05:53:47","modified_gmt":"2025-09-26T05:53:47","slug":"uber-uns","status":"publish","type":"page","link":"https:\/\/yunheyebohotelxuanzhong.com\/de\/about-us\/","title":{"rendered":"\u00dcber uns"},"content":{"rendered":"<div data-elementor-type=\"wp-page\" data-elementor-id=\"5266\" class=\"elementor elementor-5266\">\n\t\t\t\t\t\t<section class=\"elementor-section elementor-top-section elementor-element elementor-element-10416953 elementor-section-boxed elementor-section-gap-beside-yes elementor-section-height-default elementor-section-height-default elementor-section-column-vertical-align-stretch\" data-id=\"10416953\" data-element_type=\"section\" data-e-type=\"section\">\n\t\t\t\t\t\t<div class=\"elementor-container elementor-column-gap-extended\">\n\t\t\t\t\t<div class=\"elementor-column elementor-col-100 elementor-top-column elementor-element elementor-element-29c6aa8\" data-id=\"29c6aa8\" data-element_type=\"column\" data-e-type=\"column\">\n\t\t\t<div class=\"elementor-widget-wrap elementor-element-populated\">\n\t\t\t\t\t\t<div class=\"elementor-element elementor-element-7be18fe7 elementor-widget__width-initial elementor-invisible elementor-widget elementor-widget-text-editor\" data-id=\"7be18fe7\" data-element_type=\"widget\" data-e-type=\"widget\" data-settings=\"{&quot;_animation&quot;:&quot;nussFadeInUp&quot;}\" data-widget_type=\"text-editor.default\">\n\t\t\t\t\t\t\t\t\t<p><strong>Willkommen im Yunhe Yebo Hotel (Filiale Shanghai Wildlife Park) \u2013 wo Natur auf modernen Komfort im Herzen von Pudong trifft<\/strong><\/p>\t\t\t\t\t\t\t\t<\/div>\n\t\t\t\t\t<\/div>\n\t\t<\/div>\n\t\t\t\t\t<\/div>\n\t\t<\/section>\n\t\t\t\t<section class=\"elementor-section elementor-top-section elementor-element elementor-element-7d18327f elementor-section-boxed elementor-section-gap-beside-yes elementor-section-height-default elementor-section-height-default elementor-section-column-vertical-align-stretch\" data-id=\"7d18327f\" data-element_type=\"section\" data-e-type=\"section\">\n\t\t\t\t\t\t<div class=\"elementor-container elementor-column-gap-extended\">\n\t\t\t\t\t<div class=\"elementor-column elementor-col-50 elementor-top-column elementor-element elementor-element-56533670\" data-id=\"56533670\" data-element_type=\"column\" data-e-type=\"column\">\n\t\t\t<div class=\"elementor-widget-wrap elementor-element-populated\">\n\t\t\t\t\t\t<div class=\"elementor-element elementor-element-19c3f543 elementor-invisible elementor-widget elementor-widget-text-editor\" data-id=\"19c3f543\" data-element_type=\"widget\" data-e-type=\"widget\" data-settings=\"{&quot;_animation&quot;:&quot;nussFadeInUp&quot;}\" data-widget_type=\"text-editor.default\">\n\t\t\t\t\t\t\t\t\t<p>Das Yunhe Yebo Hotel (Filiale Shanghai Wildlife Park) in der Xuanzhong Road Nr. 468, Pudong New Area, Shanghai, ist nicht nur ein Ort zum Schlafen \u2013 es ist ein R\u00fcckzugsort f\u00fcr Reisende, die Ruhe, Komfort und einen Hauch wilder Eleganz suchen. Als eines der wenigen Boutique-Hotels in einzigartiger Lage direkt neben dem weltber\u00fchmten Shanghai Wildlife Park bietet unser Hotel eine unvergleichliche Verbindung aus urbaner Erreichbarkeit und nat\u00fcrlicher Ruhe \u2013 ein seltenes Juwel in einer der dynamischsten Metropolen Chinas.<\/p>\t\t\t\t\t\t\t\t<\/div>\n\t\t\t\t\t<\/div>\n\t\t<\/div>\n\t\t\t\t<div class=\"elementor-column elementor-col-50 elementor-top-column elementor-element elementor-element-30f14127\" data-id=\"30f14127\" data-element_type=\"column\" data-e-type=\"column\">\n\t\t\t<div class=\"elementor-widget-wrap elementor-element-populated\">\n\t\t\t\t\t\t<div class=\"elementor-element elementor-element-59aea08 elementor-widget elementor-widget-image\" data-id=\"59aea08\" data-element_type=\"widget\" data-e-type=\"widget\" data-widget_type=\"image.default\">\n\t\t\t\t\t\t\t\t\t\t\t\t\t\t\t<img fetchpriority=\"high\" decoding=\"async\" width=\"1024\" height=\"768\" src=\"https:\/\/yunheyebohotelxuanzhong.com\/wp-content\/uploads\/2025\/09\/YunheYeboHotelXuanzhong-31-1024x768.webp\" class=\"attachment-large size-large wp-image-6387\" alt=\"\" srcset=\"https:\/\/yunheyebohotelxuanzhong.com\/wp-content\/uploads\/2025\/09\/YunheYeboHotelXuanzhong-31-1024x768.webp 1024w, https:\/\/yunheyebohotelxuanzhong.com\/wp-content\/uploads\/2025\/09\/YunheYeboHotelXuanzhong-31-300x225.webp 300w, https:\/\/yunheyebohotelxuanzhong.com\/wp-content\/uploads\/2025\/09\/YunheYeboHotelXuanzhong-31-768x576.webp 768w, https:\/\/yunheyebohotelxuanzhong.com\/wp-content\/uploads\/2025\/09\/YunheYeboHotelXuanzhong-31-16x12.webp 16w, https:\/\/yunheyebohotelxuanzhong.com\/wp-content\/uploads\/2025\/09\/YunheYeboHotelXuanzhong-31.webp 1137w\" sizes=\"(max-width: 1024px) 100vw, 1024px\" \/>\t\t\t\t\t\t\t\t\t\t\t\t\t\t\t<\/div>\n\t\t\t\t\t<\/div>\n\t\t<\/div>\n\t\t\t\t\t<\/div>\n\t\t<\/section>\n\t\t\t\t<section class=\"elementor-section elementor-top-section elementor-element elementor-element-29fb8578 elementor-section-height-min-height elementor-section-stretched elementor-section-full_width elementor-section-items-stretch elementor-section-height-default elementor-section-column-vertical-align-stretch\" data-id=\"29fb8578\" data-element_type=\"section\" data-e-type=\"section\" data-settings=\"{&quot;stretch_section&quot;:&quot;section-stretched&quot;}\">\n\t\t\t\t\t\t<div class=\"elementor-container elementor-column-gap-no\">\n\t\t\t\t\t<div class=\"elementor-column elementor-col-50 elementor-top-column elementor-element elementor-element-40ac270b\" data-id=\"40ac270b\" data-element_type=\"column\" data-e-type=\"column\">\n\t\t\t<div class=\"elementor-widget-wrap elementor-element-populated\">\n\t\t\t\t\t\t<div class=\"elementor-element elementor-element-20872773 elementor-widget__width-initial elementor-widget-mobile__width-inherit elementor-invisible nuss-elementor-loading nuss-slide-in-right elementor-widget elementor-widget-image\" data-id=\"20872773\" data-element_type=\"widget\" data-e-type=\"widget\" data-settings=\"{&quot;_animation&quot;:&quot;nussSlideInRight&quot;}\" data-widget_type=\"image.default\">\n\t\t\t\t\t\t\t\t\t\t\t\t\t\t\t<img decoding=\"async\" width=\"1280\" height=\"800\" src=\"https:\/\/yunheyebohotelxuanzhong.com\/wp-content\/uploads\/2025\/09\/YunheYeboHotelXuanzhong-35.webp\" class=\"attachment-full size-full wp-image-6391\" alt=\"\" srcset=\"https:\/\/yunheyebohotelxuanzhong.com\/wp-content\/uploads\/2025\/09\/YunheYeboHotelXuanzhong-35.webp 1280w, https:\/\/yunheyebohotelxuanzhong.com\/wp-content\/uploads\/2025\/09\/YunheYeboHotelXuanzhong-35-300x188.webp 300w, https:\/\/yunheyebohotelxuanzhong.com\/wp-content\/uploads\/2025\/09\/YunheYeboHotelXuanzhong-35-1024x640.webp 1024w, https:\/\/yunheyebohotelxuanzhong.com\/wp-content\/uploads\/2025\/09\/YunheYeboHotelXuanzhong-35-768x480.webp 768w, https:\/\/yunheyebohotelxuanzhong.com\/wp-content\/uploads\/2025\/09\/YunheYeboHotelXuanzhong-35-18x12.webp 18w\" sizes=\"(max-width: 1280px) 100vw, 1280px\" \/>\t\t\t\t\t\t\t\t\t\t\t\t\t\t\t<\/div>\n\t\t\t\t\t<\/div>\n\t\t<\/div>\n\t\t\t\t<div class=\"elementor-column elementor-col-50 elementor-top-column elementor-element elementor-element-2dac103\" data-id=\"2dac103\" data-element_type=\"column\" data-e-type=\"column\">\n\t\t\t<div class=\"elementor-widget-wrap elementor-element-populated\">\n\t\t\t\t\t\t<div class=\"elementor-element elementor-element-6f1b8966 elementor-invisible elementor-widget elementor-widget-text-editor\" data-id=\"6f1b8966\" data-element_type=\"widget\" data-e-type=\"widget\" data-settings=\"{&quot;_animation&quot;:&quot;nussFadeInUp&quot;}\" data-widget_type=\"text-editor.default\">\n\t\t\t\t\t\t\t\t\t<p data-spm-anchor-id=\"a2ty_o01.29997173.0.i15.2702c921p5Bwb7\">Ob Sie Shanghai f\u00fcr einen Familienausflug besuchen, um L\u00f6wen, Pandas und Flamingos aus n\u00e4chster N\u00e4he zu erleben, an einem Gesch\u00e4ftstreffen im Finanzviertel Pudong teilnehmen oder einfach nur einen ruhigen R\u00fcckzugsort abseits des hektischen Treibens der Stadt suchen \u2013 das Yunhe Yebo Hotel bietet Ihnen ein ebenso durchdachtes wie unvergessliches Erlebnis. Unsere durchdacht gestalteten Zimmer verbinden minimalistische, moderne \u00c4sthetik mit warmen, erdigen T\u00f6nen, inspiriert vom umgebenden Gr\u00fcn, und schaffen so einen erholsamen R\u00fcckzugsort nach einem Tag voller Entdeckungen. Raumhohe Fenster lassen viel Tageslicht herein, und private Balkone laden zu ruhigen Momenten bei einer Tasse Tee ein, w\u00e4hrend der Morgennebel \u00fcber den umliegenden W\u00e4ldern aufsteigt.<\/p><div class=\"my-2\">\u00a0<\/div><p>Nur 5 Gehminuten vom Haupteingang des Shanghai Wildlife Parks entfernt, ist unser Hotel der ideale Ausgangspunkt f\u00fcr Familien, Naturliebhaber und Fotografen, die fr\u00fchzeitig Zugang zu den exklusiven Tierbegegnungen des Parks w\u00fcnschen. F\u00fcr Gesch\u00e4ftsreisende ist das Hotel 15 Autominuten vom Finanzviertel Lujiazui und 20 Minuten vom internationalen Flughafen Shanghai Pudong (PVG) entfernt und direkt an die U-Bahn-Linie 16 angebunden. So erreichen Sie m\u00fchelos die wichtigsten Sehensw\u00fcrdigkeiten der Stadt, darunter den Shanghai Tower, den Oriental Pearl Tower und die pulsierende Nanxiang Xiaolongbao Street.<\/p>\t\t\t\t\t\t\t\t<\/div>\n\t\t\t\t\t<\/div>\n\t\t<\/div>\n\t\t\t\t\t<\/div>\n\t\t<\/section>\n\t\t\t\t<section class=\"elementor-section elementor-top-section elementor-element elementor-element-59ab340 elementor-section-height-min-height elementor-section-stretched elementor-section-full_width elementor-section-items-stretch elementor-section-height-default elementor-section-column-vertical-align-stretch\" data-id=\"59ab340\" data-element_type=\"section\" data-e-type=\"section\" data-settings=\"{&quot;stretch_section&quot;:&quot;section-stretched&quot;}\">\n\t\t\t\t\t\t<div class=\"elementor-container elementor-column-gap-no\">\n\t\t\t\t\t<div class=\"elementor-column elementor-col-50 elementor-top-column elementor-element elementor-element-640e8c6\" data-id=\"640e8c6\" data-element_type=\"column\" data-e-type=\"column\">\n\t\t\t<div class=\"elementor-widget-wrap elementor-element-populated\">\n\t\t\t\t\t\t<div class=\"elementor-element elementor-element-0ae0b60 elementor-invisible elementor-widget elementor-widget-text-editor\" data-id=\"0ae0b60\" data-element_type=\"widget\" data-e-type=\"widget\" data-settings=\"{&quot;_animation&quot;:&quot;nussFadeInUp&quot;}\" data-widget_type=\"text-editor.default\">\n\t\t\t\t\t\t\t\t\t<p data-spm-anchor-id=\"a2ty_o01.29997173.0.i17.2702c921p5Bwb7\">Neben seiner Lage besticht das Yunhe Yebo Hotel durch seine sorgf\u00e4ltig ausgew\u00e4hlten Annehmlichkeiten: eine ruhige Gartenlounge im Innenbereich, ein rund um die Uhr ge\u00f6ffnetes, gesundes Fr\u00fchst\u00fccksbuffet mit lokalen Shanghaier K\u00f6stlichkeiten und Bio-Zutaten, kostenlose E-Bike-Verleihe f\u00fcr Erkundungstouren auf den umliegenden Wanderwegen und ein Wellnesscenter mit Aromatherapie-Massagen und Yoga-Stunden im Morgengrauen. Unsere Mitarbeiter sprechen flie\u00dfend Mandarin, Englisch und Grundkenntnisse in Japanisch und behandeln jeden Gast wie ein Familienmitglied \u2013 aufmerksam, ohne aufdringlich, herzlich, ohne sich zu verstellen.<\/p><div class=\"my-2\">\u00a0<\/div><p data-spm-anchor-id=\"a2ty_o01.29997173.0.i16.2702c921p5Bwb7\">Wir haben Yunhe Yebo nicht nur als Hotel, sondern als Reiseziel konzipiert. Ob Sie einen Wochenendausflug mit den Kindern, einen Achtsamkeits-Retreat f\u00fcr Alleinreisende oder einen Teambuilding-Aufenthalt f\u00fcr Ihre Firma buchen \u2013 unsere einzigartige Mischung aus Naturn\u00e4he, modernem Komfort und authentischer Gastfreundschaft sorgt daf\u00fcr, dass Ihr Shanghai-Erlebnis mehr als nur eine Reise ist \u2013 es ist eine Geschichte, die Sie noch einmal erleben m\u00f6chten.<\/p><div class=\"my-2\">\u00a0<\/div><p><strong>Yunhe Yebo Hotel \u2013 Atmen Sie tief durch. Bleiben Sie wild. Leben Sie gut.<\/strong><br \/>\ud83d\udccd Nr. 468 Xuanzhong Road, Pudong New Area, Shanghai, China<br \/>\ud83d\ude97 5 Min. zum Shanghai Wildlife Park | \ud83d\ude87 U-Bahn-Linie 16 | \ud83d\udee9\ufe0f 15 Min. zum Flughafen Pudong<br \/>\u2b50 Von \u00fcber 1.200 Reisenden auf Tripadvisor mit 4,9\/5 bewertet | \u2705 Kostenlose Parkpl\u00e4tze | \u2705 Haustierfreundliche Zimmer verf\u00fcgbar | \u2705 Concierge-Service rund um die Uhr<\/p><div class=\"my-2\">\u00a0<\/div><p>Planen Sie Ihren n\u00e4chsten Aufenthalt \u2013 wo das Rauschen der Wildnis auf die Ruhe des Luxus trifft. Willkommen zu Hause, auch wenn Sie weit weg von zu Hause sind.<\/p>\t\t\t\t\t\t\t\t<\/div>\n\t\t\t\t\t<\/div>\n\t\t<\/div>\n\t\t\t\t<div class=\"elementor-column elementor-col-50 elementor-top-column elementor-element elementor-element-a4fe7f7\" data-id=\"a4fe7f7\" data-element_type=\"column\" data-e-type=\"column\">\n\t\t\t<div class=\"elementor-widget-wrap elementor-element-populated\">\n\t\t\t\t\t\t<div class=\"elementor-element elementor-element-4e5d5da elementor-widget__width-initial elementor-widget-mobile__width-inherit elementor-invisible nuss-elementor-loading nuss-slide-in-right elementor-widget elementor-widget-image\" data-id=\"4e5d5da\" data-element_type=\"widget\" data-e-type=\"widget\" data-settings=\"{&quot;_animation&quot;:&quot;nussSlideInRight&quot;}\" data-widget_type=\"image.default\">\n\t\t\t\t\t\t\t\t\t\t\t\t\t\t\t<img decoding=\"async\" width=\"1280\" height=\"853\" src=\"https:\/\/yunheyebohotelxuanzhong.com\/wp-content\/uploads\/2025\/09\/YunheYeboHotelXuanzhong-17.webp\" class=\"attachment-full size-full wp-image-6373\" alt=\"\" srcset=\"https:\/\/yunheyebohotelxuanzhong.com\/wp-content\/uploads\/2025\/09\/YunheYeboHotelXuanzhong-17.webp 1280w, https:\/\/yunheyebohotelxuanzhong.com\/wp-content\/uploads\/2025\/09\/YunheYeboHotelXuanzhong-17-300x200.webp 300w, https:\/\/yunheyebohotelxuanzhong.com\/wp-content\/uploads\/2025\/09\/YunheYeboHotelXuanzhong-17-1024x682.webp 1024w, https:\/\/yunheyebohotelxuanzhong.com\/wp-content\/uploads\/2025\/09\/YunheYeboHotelXuanzhong-17-768x512.webp 768w, https:\/\/yunheyebohotelxuanzhong.com\/wp-content\/uploads\/2025\/09\/YunheYeboHotelXuanzhong-17-18x12.webp 18w\" sizes=\"(max-width: 1280px) 100vw, 1280px\" \/>\t\t\t\t\t\t\t\t\t\t\t\t\t\t\t<\/div>\n\t\t\t\t\t<\/div>\n\t\t<\/div>\n\t\t\t\t\t<\/div>\n\t\t<\/section>\n\t\t\t\t<section class=\"elementor-section elementor-top-section elementor-element elementor-element-2092b7d0 elementor-section-stretched elementor-section-boxed elementor-section-gap-beside-yes elementor-section-height-default elementor-section-height-default elementor-section-column-vertical-align-stretch\" data-id=\"2092b7d0\" data-element_type=\"section\" data-e-type=\"section\" data-settings=\"{&quot;background_background&quot;:&quot;classic&quot;,&quot;stretch_section&quot;:&quot;section-stretched&quot;}\">\n\t\t\t\t\t\t<div class=\"elementor-container elementor-column-gap-extended\">\n\t\t\t\t\t<div class=\"elementor-column elementor-col-100 elementor-top-column elementor-element elementor-element-be69d75\" data-id=\"be69d75\" data-element_type=\"column\" data-e-type=\"column\">\n\t\t\t<div class=\"elementor-widget-wrap elementor-element-populated\">\n\t\t\t\t\t\t<div class=\"elementor-element elementor-element-320c022 elementor-widget elementor-widget-nuss-heading\" data-id=\"320c022\" data-element_type=\"widget\" data-e-type=\"widget\" data-widget_type=\"nuss-heading.default\">\n\t\t\t\t<div class=\"elementor-widget-container\">\n\t\t\t\t\t\t\t<div class=\"nuss-modern-heading\">\r\n\t\t\t\t\t\t<div class=\"heading-secondary-wrap\">\r\n\t\t\t\t<h3 class=\"heading-secondary elementor-heading-title\">Verf\u00fcgbarkeit pr\u00fcfen <\/h3>\t\t\t<\/div>\r\n\t\t\r\n\t\t\t\r\n\t\t\t\r\n\t\t\t\t\t<\/div>\r\n\t\t\t\t\t<\/div>\n\t\t\t\t<\/div>\n\t\t\t\t<div class=\"elementor-element elementor-element-fe69a93 elementor-widget elementor-widget-text-editor\" data-id=\"fe69a93\" data-element_type=\"widget\" data-e-type=\"widget\" data-widget_type=\"text-editor.default\">\n\t\t\t\t\t\t\t\t\t<iframe border=\"0\" src=\"https:\/\/www.trip.com\/partners\/ad\/S5580654?Allianceid=4590391&#038;SID=262668687&#038;trip_sub1=\" style=\"width:1200px;height:200px\" frameborder=\"0\" scrolling=\"no\" id=\"S5580654\"><\/iframe>\t\t\t\t\t\t\t\t<\/div>\n\t\t\t\t\t<\/div>\n\t\t<\/div>\n\t\t\t\t\t<\/div>\n\t\t<\/section>\n\t\t\t\t<\/div>","protected":false},"excerpt":{"rendered":"<p>Welcome to Yunhe Yebo Hotel (Shanghai Wildlife Park Branch) \u2014 Where Nature Meets Modern Comfort in the Heart of Pudong Nestled at No. 468 Xuanzhong Road, Pudong New Area, Shanghai, Yunhe Yebo Hotel (Shanghai Wildlife Park Branch) isn\u2019t just a place to sleep \u2014 it\u2019s an immersive escape designed for travelers who crave tranquility, convenience, [&hellip;]<\/p>\n","protected":false},"author":1,"featured_media":0,"parent":0,"menu_order":0,"comment_status":"closed","ping_status":"closed","template":"","meta":{"footnotes":""},"class_list":["post-5266","page","type-page","status-publish","hentry","post-no-thumbnail"],"_links":{"self":[{"href":"https:\/\/yunheyebohotelxuanzhong.com\/de\/wp-json\/wp\/v2\/pages\/5266","targetHints":{"allow":["GET"]}}],"collection":[{"href":"https:\/\/yunheyebohotelxuanzhong.com\/de\/wp-json\/wp\/v2\/pages"}],"about":[{"href":"https:\/\/yunheyebohotelxuanzhong.com\/de\/wp-json\/wp\/v2\/types\/page"}],"author":[{"embeddable":true,"href":"https:\/\/yunheyebohotelxuanzhong.com\/de\/wp-json\/wp\/v2\/users\/1"}],"replies":[{"embeddable":true,"href":"https:\/\/yunheyebohotelxuanzhong.com\/de\/wp-json\/wp\/v2\/comments?post=5266"}],"version-history":[{"count":0,"href":"https:\/\/yunheyebohotelxuanzhong.com\/de\/wp-json\/wp\/v2\/pages\/5266\/revisions"}],"wp:attachment":[{"href":"https:\/\/yunheyebohotelxuanzhong.com\/de\/wp-json\/wp\/v2\/media?parent=5266"}],"curies":[{"name":"wp","href":"https:\/\/api.w.org\/{rel}","templated":true}]}}