{"id":2104,"date":"2021-03-23T09:33:48","date_gmt":"2021-03-23T09:33:48","guid":{"rendered":"http:\/\/localhost\/nuss\/?page_id=167"},"modified":"2025-09-26T09:51:45","modified_gmt":"2025-09-26T09:51:45","slug":"unsere-geschichte","status":"publish","type":"page","link":"https:\/\/yunheyebohotelxuanzhong.com\/de\/our-story\/","title":{"rendered":"Unsere Geschichte"},"content":{"rendered":"<div data-elementor-type=\"wp-page\" data-elementor-id=\"2104\" class=\"elementor elementor-2104\">\n\t\t\t\t\t\t<section class=\"elementor-section elementor-top-section elementor-element elementor-element-8f5bb9d elementor-section-boxed elementor-section-gap-beside-yes elementor-section-height-default elementor-section-height-default elementor-section-column-vertical-align-stretch\" data-id=\"8f5bb9d\" data-element_type=\"section\" data-e-type=\"section\">\n\t\t\t\t\t\t<div class=\"elementor-container elementor-column-gap-extended\">\n\t\t\t\t\t<div class=\"elementor-column elementor-col-100 elementor-top-column elementor-element elementor-element-7ec4215\" data-id=\"7ec4215\" data-element_type=\"column\" data-e-type=\"column\">\n\t\t\t<div class=\"elementor-widget-wrap elementor-element-populated\">\n\t\t\t\t\t\t<div class=\"elementor-element elementor-element-edd9d03 elementor-widget__width-initial elementor-invisible elementor-widget elementor-widget-text-editor\" data-id=\"edd9d03\" data-element_type=\"widget\" data-e-type=\"widget\" data-settings=\"{&quot;_animation&quot;:&quot;nussFadeInUp&quot;}\" data-widget_type=\"text-editor.default\">\n\t\t\t\t\t\t\t\t\t<p data-spm-anchor-id=\"a2ty_o01.29997173.0.i18.2702c921vp1WLS\">Wir hatten nicht vor, ein Hotel zu bauen. Wir wollten ein <em>Zuflucht<\/em>.<\/p>\t\t\t\t\t\t\t\t<\/div>\n\t\t\t\t\t<\/div>\n\t\t<\/div>\n\t\t\t\t\t<\/div>\n\t\t<\/section>\n\t\t<div class=\"elementor-element elementor-element-ae7e42f e-flex e-con-boxed e-con e-parent\" data-id=\"ae7e42f\" data-element_type=\"container\" data-e-type=\"container\">\n\t\t\t\t\t<div class=\"e-con-inner\">\n\t\t\t\t<div class=\"elementor-element elementor-element-136c3a3 elementor-widget elementor-widget-text-editor\" data-id=\"136c3a3\" data-element_type=\"widget\" data-e-type=\"widget\" data-widget_type=\"text-editor.default\">\n\t\t\t\t\t\t\t\t\t<p data-spm-anchor-id=\"a2ty_o01.29997173.0.i20.2702c921vp1WLS\">Im Jahr 2021, als Shanghais Skyline immer h\u00f6her und sein Tempo immer schneller wurde, stellten sich einige Architekten, Hoteldesigner und Naturliebhaber eine einfache, aber radikale Frage: <em>Kann ein Hotel mehr sein als nur ein Ort zum Schlafen \u2013 kann es ein Ort zum Durchatmen sein?<\/em><\/p><p>Die Antwort begann mit einem ruhigen Grundst\u00fcck in der Xuanzhong Road 468 in Pudong \u2013 einer vergessenen Ecke, eingebettet zwischen dem L\u00e4rm der Schnellstra\u00dfe und dem sanften Rauschen der letzten verbliebenen Gr\u00fcnz\u00fcge der Stadt. Es war nicht glamour\u00f6s. Es lag nicht im Zentrum. Aber es war <em>lebendig<\/em>. Unter dem Beton und dem Baul\u00e4rm sp\u00fcrte der Boden noch den Rhythmus der Jahreszeiten. Die B\u00e4ume rauschten noch im Wind. Und gleich gegen\u00fcber \u00f6ffneten sich t\u00e4glich die Tore des Shanghai Wildlife Parks und lockten Tausende Besucher an \u2013 Kinder, die staunend Pandas betrachteten, \u00c4ltere, die Flamingos anl\u00e4chelten, und Familien, die die Freude an der Stille neu entdeckten.<\/p><p>Da wussten wir es.<\/p><p>Wir wollten kein weiteres \u201cLuxushotel\u201d bauen. Wir wollten keinen weiteren Glasturm, der die gleiche Konzernmentalit\u00e4t wie alle anderen Hotelketten in Pudong widerspiegelt. Wir wollten etwas anderes bauen. <em>lebendig<\/em> \u2014 ein Ort, an dem die Seele aufatmen kann.<\/p><p>Und so fingen wir an.<\/p><p>Wir arbeiteten mit lokalen Handwerkern zusammen, um wiederverwertetes Teakholz aus alten Lagerh\u00e4usern in Shanghai zu beziehen. Gemeinsam mit G\u00e4rtnern pflanzten wir einheimischen Bambus, Kamelien und Magnolien, die im feuchten Klima Shanghais gut gedeihen \u2013 nicht zur Dekoration, sondern f\u00fcr den t\u00e4glichen Gebrauch. <em>Resonanz<\/em>. Wir haben jedes Fenster so gestaltet, dass es den Himmel und nicht den Verkehr einrahmt. Wir haben doppelt verglastes, schalldichtes Glas eingebaut, damit der L\u00e4rm der Stadt verstummt und der Gesang der V\u00f6gel zur\u00fcckkehrt.<\/p><p>Wir haben uns geweigert, auch nur eine einzige LED-Werbetafel aufzustellen. Kein Neonlicht. Keine laute Musik. Kein k\u00fcnstliches Licht nach Einbruch der Dunkelheit.<\/p><p>Stattdessen beleuchteten wir die Wege mit warmen, energiesparenden Laternen. Wir installierten Regenwassersammelanlagen, um unsere G\u00e4rten zu bew\u00e4ssern. Wir schulten unsere Mitarbeiter nicht in auswendig gelerntem Service, sondern in Achtsamkeit \u2013 im Zuh\u00f6ren, im Beobachten, im Erinnern Ihres Namens, Ihrer Teevorliebe und Ihres L\u00e4chelns beim Anblick der Koi-Karpfen.<\/p><p>Und dann \u00f6ffneten wir die T\u00fcren.<\/p><p>Was dann geschah, \u00fcberraschte selbst uns.<\/p><p>Die Familien kamen nicht nur, um den Wildpark zu besuchen \u2013 sie kamen, um <em>bleiben<\/em>. Gesch\u00e4ftsreisende kamen nicht nur wegen der U-Bahn-Anbindung \u2013 sie kamen auch wegen\u2026 <em>Wiederverbindung<\/em>. Alleinreisende kamen nicht nur wegen der Ruhe \u2013 sie kamen auch wegen\u2026 <em>sich selbst erinnern<\/em>.<\/p><p>Eine G\u00e4stin, eine Mutter aus Peking, schrieb: <em>\u201cMir war gar nicht bewusst, dass ich verlernt hatte, still zu sitzen. Dieser Ort hat es mir wieder beigebracht.\u201d<\/em><\/p><p>Ein Technologieunternehmer aus Singapur sagte: <em>\u201cIch habe in 47 Hotels in ganz Asien \u00fcbernachtet. Dies ist das einzige, in dem ich 36 Stunden lang nicht auf mein Handy geschaut habe.\u201d<\/em><\/p><p>Eine pensionierte Lehrerin aus Guangzhou hinterlie\u00df eine Nachricht in unserem G\u00e4stebuch: <em>\u201cIch kam, um die Pandas zu sehen. Ich blieb wegen des Friedens.\u201d<\/em><\/p><p>Yunhe Yebo \u2013 was aus dem Mandarin \u00fcbersetzt so viel wie \u201cWolken, die unter den B\u00e4umen ruhen\u201d bedeutet \u2013 wurde mehr als nur ein Hotel. Es wurde zu einer stillen Revolution.<\/p><p>Wir versuchen nicht, die Gr\u00f6\u00dften zu sein. Wir versuchen, die Besten zu sein. <em>wahrhaftig<\/em>.<\/p><p>Unsere Zimmer sind nicht mit technischen Ger\u00e4ten vollgestopft \u2013 sie sind erf\u00fcllt von Stille, Licht und Weite. Unser Fr\u00fchst\u00fcck ist kein Buffet mit importiertem Luxus \u2013 es ist ein t\u00e4gliches Ritual mit regionalen Zutaten: Tofu, frisch im Morgengrauen zubereitet, ged\u00e4mpfte Br\u00f6tchen, die von H\u00e4nden geformt werden, die sie seit 40 Jahren herstellen, Tee aus Bl\u00e4ttern, die in den H\u00fcgeln von Zhejiang wachsen.<\/p><p>Unser Businesscenter hat kein Firmenlogo \u2013 es hat ein Fenster mit Blick auf einen Garten, in den jeden Fr\u00fchling Schmetterlinge zur\u00fcckkehren.<\/p><p>Wir bieten keine \u201cAnnehmlichkeiten\u201d. Wir bieten <em>Momente<\/em>.<\/p><p>Der Moment, in dem man vom Rauschen des Windes im Bambus geweckt wird.<\/p><p>Der Moment, in dem Ihr Kind auf einen Vogel zeigt, den Sie noch nie zuvor gesehen haben \u2013 und Ihnen klar wird, dass Sie ihn beide zum ersten Mal gemeinsam sehen.<\/p><p>Der Moment, in dem du bei Sonnenuntergang allein auf deinem Balkon sitzt, Tee trinkst und zum ersten Mal seit Jahren sp\u00fcrst, dass du genau da bist, wo du sein sollst.<\/p><p>Wir haben Yunhe Yebo nicht gebaut, um mit den Giganten von Shanghai zu konkurrieren.<\/p><p>Wir haben es gebaut, um sie \u2013 und Sie \u2013 daran zu erinnern, dass Gastfreundschaft nichts mit Gr\u00f6\u00dfe zu tun hat.<\/p><p>Es geht um die Seele.<\/p><p>Es geht darum, sich daran zu erinnern, dass selbst in der gesch\u00e4ftigsten Stadt der Welt noch Raum f\u00fcr Stille ist.<\/p><p>Dass selbst im Herzen des Betons die Natur noch immer darauf wartet \u2013 geduldig und wundersch\u00f6n \u2013, bemerkt zu werden.<\/p><p>Wenn Sie also einen Ort suchen, an dem Sie sich ausruhen k\u00f6nnen, sind Sie bei uns genau richtig.<\/p><p>Aber wenn Sie einen Ort suchen, um Ihre Seele baumeln zu lassen\u2026<\/p><p>Willkommen zu Hause.<\/p><p>\u2014<\/p><div class=\"my-2\">\u00a0<\/div><p data-spm-anchor-id=\"a2ty_o01.29997173.0.i21.2702c921vp1WLS\"><strong>Yunhe Yebo Hotel (Shanghai Wildlife Park Branch)<\/strong><br \/>Nr. 468 Xuanzhong Road, Pudong New Area, Shanghai, China<br \/><em>Wo die Stadt zur Ruhe kommt \u2013 und die Seele wieder atmet.<\/em><\/p>\t\t\t\t\t\t\t\t<\/div>\n\t\t\t\t\t<\/div>\n\t\t\t\t<\/div>\n\t\t\t\t<section class=\"elementor-section elementor-top-section elementor-element elementor-element-1fa0735c elementor-section-stretched elementor-section-boxed elementor-section-gap-beside-yes elementor-section-height-default elementor-section-height-default elementor-section-column-vertical-align-stretch\" data-id=\"1fa0735c\" data-element_type=\"section\" data-e-type=\"section\" data-settings=\"{&quot;background_background&quot;:&quot;classic&quot;,&quot;stretch_section&quot;:&quot;section-stretched&quot;}\">\n\t\t\t\t\t\t<div class=\"elementor-container elementor-column-gap-extended\">\n\t\t\t\t\t<div class=\"elementor-column elementor-col-100 elementor-top-column elementor-element elementor-element-62a78c9c\" data-id=\"62a78c9c\" data-element_type=\"column\" data-e-type=\"column\">\n\t\t\t<div class=\"elementor-widget-wrap elementor-element-populated\">\n\t\t\t\t\t\t<div class=\"elementor-element elementor-element-d75a366 elementor-widget elementor-widget-nuss-heading\" data-id=\"d75a366\" data-element_type=\"widget\" data-e-type=\"widget\" data-widget_type=\"nuss-heading.default\">\n\t\t\t\t<div class=\"elementor-widget-container\">\n\t\t\t\t\t\t\t<div class=\"nuss-modern-heading\">\r\n\t\t\t\t\t\t<div class=\"heading-secondary-wrap\">\r\n\t\t\t\t<h3 class=\"heading-secondary elementor-heading-title\">Verf\u00fcgbarkeit pr\u00fcfen <\/h3>\t\t\t<\/div>\r\n\t\t\r\n\t\t\t\r\n\t\t\t\r\n\t\t\t\t\t<\/div>\r\n\t\t\t\t\t<\/div>\n\t\t\t\t<\/div>\n\t\t\t\t<div class=\"elementor-element elementor-element-20fb438b elementor-widget elementor-widget-text-editor\" data-id=\"20fb438b\" data-element_type=\"widget\" data-e-type=\"widget\" data-widget_type=\"text-editor.default\">\n\t\t\t\t\t\t\t\t\t<iframe border=\"0\" src=\"https:\/\/www.trip.com\/partners\/ad\/S5580654?Allianceid=4590391&#038;SID=262668687&#038;trip_sub1=\" style=\"width:1200px;height:200px\" frameborder=\"0\" scrolling=\"no\" id=\"S5580654\"><\/iframe>\t\t\t\t\t\t\t\t<\/div>\n\t\t\t\t\t<\/div>\n\t\t<\/div>\n\t\t\t\t\t<\/div>\n\t\t<\/section>\n\t\t\t\t<\/div>","protected":false},"excerpt":{"rendered":"<p>We didn\u2019t set out to build a hotel. We set out to build a sanctuary. In 2021, as Shanghai\u2019s skyline grew ever taller and its pace ever faster, a small group of architects, hospitality designers, and nature enthusiasts found themselves asking a simple, yet radical question: Can a hotel be more than a place to [&hellip;]<\/p>\n","protected":false},"author":1,"featured_media":0,"parent":0,"menu_order":0,"comment_status":"closed","ping_status":"closed","template":"","meta":{"footnotes":""},"class_list":["post-2104","page","type-page","status-publish","hentry","post-no-thumbnail"],"_links":{"self":[{"href":"https:\/\/yunheyebohotelxuanzhong.com\/de\/wp-json\/wp\/v2\/pages\/2104","targetHints":{"allow":["GET"]}}],"collection":[{"href":"https:\/\/yunheyebohotelxuanzhong.com\/de\/wp-json\/wp\/v2\/pages"}],"about":[{"href":"https:\/\/yunheyebohotelxuanzhong.com\/de\/wp-json\/wp\/v2\/types\/page"}],"author":[{"embeddable":true,"href":"https:\/\/yunheyebohotelxuanzhong.com\/de\/wp-json\/wp\/v2\/users\/1"}],"replies":[{"embeddable":true,"href":"https:\/\/yunheyebohotelxuanzhong.com\/de\/wp-json\/wp\/v2\/comments?post=2104"}],"version-history":[{"count":0,"href":"https:\/\/yunheyebohotelxuanzhong.com\/de\/wp-json\/wp\/v2\/pages\/2104\/revisions"}],"wp:attachment":[{"href":"https:\/\/yunheyebohotelxuanzhong.com\/de\/wp-json\/wp\/v2\/media?parent=2104"}],"curies":[{"name":"wp","href":"https:\/\/api.w.org\/{rel}","templated":true}]}}